{"id":3693,"date":"2023-12-20T12:46:18","date_gmt":"2023-12-20T10:46:18","guid":{"rendered":"https:\/\/ftgkallefall.com\/?post_type=product&#038;p=3693"},"modified":"2025-12-05T10:24:43","modified_gmt":"2025-12-05T08:24:43","slug":"griebtuvas-fb160","status":"publish","type":"product","link":"https:\/\/ftgkallefall.com\/lt\/produktas\/griebtuvas-fb160\/","title":{"rendered":"Griebtuvas FB160"},"content":{"rendered":"<p>Griebtuvas FB160 skirtas r\u0105stams, nedideliems medienos kroviniams ir medienai krauti. Pla\u010diai atsidaran\u010dios \u017eiaunos su vienu hidrauliniu cilindru u\u017etikrina didel\u0119 su\u0117mimo j\u0117g\u0105 ir greit\u0105 ciklo laik\u0105, maksimaliai padidinant pakrovimo na\u0161um\u0105. Griebtuvo r\u0117mas ir \u017eiaunos pagamintos i\u0161 didelio atsparumo tempimui plieno, kuris u\u017etikrina didel\u012f patikimum\u0105 ir paprast\u0105 valdym\u0105. Lengva, bet tvirta konstrukcija buvo vienas svarbiausi\u0173 griebtuvo konstrukcijos aspekt\u0173. Tvirtinimas \u00d849 mm (tinka 3 t rotatoriui), tinka kranams FB51, FB51L, FB53T, FB63T, FB69T.G2<\/p>\n","protected":false},"excerpt":{"rendered":"<p>Did\u017eiausias i\u0161skleidimas 1010 mm, su\u0117mimo plotas 0,16 m2<\/p>\n","protected":false},"featured_media":7121,"comment_status":"closed","ping_status":"closed","template":"","meta":{"_acf_changed":false,"inline_featured_image":false},"product_cat":[184,185],"product_tag":[],"acf":[],"_links":{"self":[{"href":"https:\/\/ftgkallefall.com\/lt\/wp-json\/wp\/v2\/product\/3693"}],"collection":[{"href":"https:\/\/ftgkallefall.com\/lt\/wp-json\/wp\/v2\/product"}],"about":[{"href":"https:\/\/ftgkallefall.com\/lt\/wp-json\/wp\/v2\/types\/product"}],"replies":[{"embeddable":true,"href":"https:\/\/ftgkallefall.com\/lt\/wp-json\/wp\/v2\/comments?post=3693"}],"wp:featuredmedia":[{"embeddable":true,"href":"https:\/\/ftgkallefall.com\/lt\/wp-json\/wp\/v2\/media\/7121"}],"wp:attachment":[{"href":"https:\/\/ftgkallefall.com\/lt\/wp-json\/wp\/v2\/media?parent=3693"}],"wp:term":[{"taxonomy":"product_cat","embeddable":true,"href":"https:\/\/ftgkallefall.com\/lt\/wp-json\/wp\/v2\/product_cat?post=3693"},{"taxonomy":"product_tag","embeddable":true,"href":"https:\/\/ftgkallefall.com\/lt\/wp-json\/wp\/v2\/product_tag?post=3693"}],"curies":[{"name":"wp","href":"https:\/\/api.w.org\/{rel}","templated":true}]}}