{"id":3696,"date":"2023-12-20T13:02:37","date_gmt":"2023-12-20T11:02:37","guid":{"rendered":"https:\/\/ftgkallefall.com\/?post_type=product&#038;p=3696"},"modified":"2025-04-11T09:11:13","modified_gmt":"2025-04-11T07:11:13","slug":"griebtuvas-fb190","status":"publish","type":"product","link":"https:\/\/ftgkallefall.com\/lt\/produktas\/griebtuvas-fb190\/","title":{"rendered":"Griebtuvas FB190"},"content":{"rendered":"<p>Stipri FB190 griebtuvo konstrukcija leid\u017eia krauti r\u0105stus, mediena arba kitas med\u017eiagas. Pla\u010diai atsidaran\u010dios \u017eiaunas su vienu hidrauliniu cilindru u\u017etikrina didel\u0119 su\u0117mimo j\u0117g\u0105 ir greit\u0105 ciklo laik\u0105, maksimaliai padidinant pakrovimo na\u0161um\u0105.<\/p>\n<p>Griebtuvo r\u0117mas ir rankos pagamintos i\u0161 didelio atsparumo tempimui plieno, kuris u\u017etikrina didel\u012f patikimum\u0105 ir paprast\u0105 valdym\u0105. DOMEX metalas u\u017etikrina griebtuvo patvarum\u0105 ir ilgaam\u017ei\u0161kum\u0105 sud\u0117tingiausiose situacijose.<\/p>\n<p>Lizdas \u00d849 mm (tinka 3 t rotatoriui), tinka FB51L, FB63T, FB69T.G2<\/p>\n","protected":false},"excerpt":{"rendered":"<p>Did\u017eiausias i\u0161skleidimas 1200 mm, su\u0117mimo plotas 0,19 m2<\/p>\n","protected":false},"featured_media":7141,"comment_status":"closed","ping_status":"closed","template":"","meta":{"_acf_changed":false,"inline_featured_image":false},"product_cat":[184,185],"product_tag":[],"acf":[],"_links":{"self":[{"href":"https:\/\/ftgkallefall.com\/lt\/wp-json\/wp\/v2\/product\/3696"}],"collection":[{"href":"https:\/\/ftgkallefall.com\/lt\/wp-json\/wp\/v2\/product"}],"about":[{"href":"https:\/\/ftgkallefall.com\/lt\/wp-json\/wp\/v2\/types\/product"}],"replies":[{"embeddable":true,"href":"https:\/\/ftgkallefall.com\/lt\/wp-json\/wp\/v2\/comments?post=3696"}],"wp:featuredmedia":[{"embeddable":true,"href":"https:\/\/ftgkallefall.com\/lt\/wp-json\/wp\/v2\/media\/7141"}],"wp:attachment":[{"href":"https:\/\/ftgkallefall.com\/lt\/wp-json\/wp\/v2\/media?parent=3696"}],"wp:term":[{"taxonomy":"product_cat","embeddable":true,"href":"https:\/\/ftgkallefall.com\/lt\/wp-json\/wp\/v2\/product_cat?post=3696"},{"taxonomy":"product_tag","embeddable":true,"href":"https:\/\/ftgkallefall.com\/lt\/wp-json\/wp\/v2\/product_tag?post=3696"}],"curies":[{"name":"wp","href":"https:\/\/api.w.org\/{rel}","templated":true}]}}