{"id":3718,"date":"2024-01-30T12:22:04","date_gmt":"2024-01-30T10:22:04","guid":{"rendered":"https:\/\/ftgkallefall.com\/?post_type=product&#038;p=3718"},"modified":"2026-01-08T16:32:24","modified_gmt":"2026-01-08T14:32:24","slug":"hidromanipuliatorius-p75t","status":"publish","type":"product","link":"https:\/\/ftgkallefall.com\/lt\/produktas\/hidromanipuliatorius-p75t\/","title":{"rendered":"Hidromanipuliatorius P75T"},"content":{"rendered":"<p>P75T pasiekiamumas ir keliamoji galia &#8211; 7,5 m\/390 kg. Lygiagretusis hidromanipuliatorius vienu metu atlieka du veiksmus (i\u0161traukimas) ir turi jud\u0117jimo schem\u0105, leid\u017eian\u010di\u0105 krovinius sukrauti auk\u0161tai. Lyginant su kitais kranais, \u0161iam kranui reikia ma\u017eesnio alyvos srauto. D\u0117l to j\u012f galima eksploatuoti ma\u017eesniu variklio s\u016bki\u0173 da\u017eniu, taip taupant degalus ir aplink\u0105 bei u\u017etikrinant komforti\u0161kesn\u012f triuk\u0161mo lyg\u012f kabinoje. Hidromanipuliatoriaus k\u0117limo momentas yra 43 kNm. Standartin\u0117je komplektacijoje yra 3t rotatorius, rotatoriaus jungtys su stabd\u017eiu, FB190WF griebtuvas ir CRV80 (2 svir\u010di\u0173\/3 koordina\u010di\u0173) vo\u017etuv\u0173 blokas.<\/p>\n","protected":false},"excerpt":{"rendered":"<p>7,5 m ilgio hidromanipuliatorius<\/p>\n","protected":false},"featured_media":3723,"comment_status":"closed","ping_status":"closed","template":"","meta":{"_acf_changed":false,"inline_featured_image":false},"product_cat":[183],"product_tag":[],"acf":[],"_links":{"self":[{"href":"https:\/\/ftgkallefall.com\/lt\/wp-json\/wp\/v2\/product\/3718"}],"collection":[{"href":"https:\/\/ftgkallefall.com\/lt\/wp-json\/wp\/v2\/product"}],"about":[{"href":"https:\/\/ftgkallefall.com\/lt\/wp-json\/wp\/v2\/types\/product"}],"replies":[{"embeddable":true,"href":"https:\/\/ftgkallefall.com\/lt\/wp-json\/wp\/v2\/comments?post=3718"}],"wp:featuredmedia":[{"embeddable":true,"href":"https:\/\/ftgkallefall.com\/lt\/wp-json\/wp\/v2\/media\/3723"}],"wp:attachment":[{"href":"https:\/\/ftgkallefall.com\/lt\/wp-json\/wp\/v2\/media?parent=3718"}],"wp:term":[{"taxonomy":"product_cat","embeddable":true,"href":"https:\/\/ftgkallefall.com\/lt\/wp-json\/wp\/v2\/product_cat?post=3718"},{"taxonomy":"product_tag","embeddable":true,"href":"https:\/\/ftgkallefall.com\/lt\/wp-json\/wp\/v2\/product_tag?post=3718"}],"curies":[{"name":"wp","href":"https:\/\/api.w.org\/{rel}","templated":true}]}}