{"id":3725,"date":"2023-12-29T10:31:54","date_gmt":"2023-12-29T08:31:54","guid":{"rendered":"https:\/\/ftgkallefall.com\/?post_type=product&#038;p=3725"},"modified":"2025-03-10T14:46:03","modified_gmt":"2025-03-10T12:46:03","slug":"grandininio-pjuklo-laikikli","status":"publish","type":"product","link":"https:\/\/ftgkallefall.com\/lt\/produktas\/grandininio-pjuklo-laikikli\/","title":{"rendered":"Grandininio pj\u016bklo laikiklis"},"content":{"rendered":"<p>Universalus grandininio pj\u016bklo laikiklis tinka beveik vis\u0173 modeli\u0173 grandininiams pj\u016bklams. Pj\u016bklo laikikl\u012f lengva pritvirtinti ir nuimti, jis saugiai ir patikimai laiko pj\u016bkl\u0105 va\u017eiuojant nelygia vietove. Pried\u0105 galima pritvirtinti prie bet kurios FTG K\u00e4llefall priekabos ir krano. Tai prakti\u0161kas pasirinkimas, jei norite tur\u0117ti savo grandinin\u012f pj\u016bkl\u0105 po ranka ir efektyviai j\u012f naudoti mi\u0161ke.<\/p>\n<ul>\n<li>Universali konstrukcija tinka beveik visiems grandinini\u0173 pj\u016bkl\u0173 modeliams<\/li>\n<li>Patvarus juodais milteliais dengtas metalinis laikiklis ir tvirta plastikin\u0117 konstrukcija<\/li>\n<li>Grandininis pj\u016bklas reguliuojamas 4 skirtingose pad\u0117tyse<\/li>\n<li>Pridedami montavimo laikikliai<\/li>\n<li>Lengvai montuojamas<\/li>\n<li>Tinka visiems FTG &#8222;K\u00e4llefall&#8221; kran\u0173 modeliams<\/li>\n<\/ul>\n","protected":false},"excerpt":{"rendered":"<p>Universalus grandininio pj\u016bklo laikiklis tinka beveik vis\u0173 modeli\u0173 grandininiams pj\u016bklams. Pj\u016bklo laikikl\u012f lengva pritvirtinti ir nuimti, jis saugiai ir patikimai laiko pj\u016bkl\u0105 va\u017eiuojant nelygia vietove. Pried\u0105 galima pritvirtinti prie bet kurios FTG K\u00e4llefall priekabos ir krano. Tai prakti\u0161kas pasirinkimas, jei norite tur\u0117ti savo grandinin\u012f pj\u016bkl\u0105 po ranka ir efektyviai j\u012f naudoti mi\u0161ke. Universali konstrukcija tinka [&hellip;]<\/p>\n","protected":false},"featured_media":7755,"comment_status":"closed","ping_status":"closed","template":"","meta":{"_acf_changed":false,"inline_featured_image":false},"product_cat":[184,190],"product_tag":[],"acf":[],"_links":{"self":[{"href":"https:\/\/ftgkallefall.com\/lt\/wp-json\/wp\/v2\/product\/3725"}],"collection":[{"href":"https:\/\/ftgkallefall.com\/lt\/wp-json\/wp\/v2\/product"}],"about":[{"href":"https:\/\/ftgkallefall.com\/lt\/wp-json\/wp\/v2\/types\/product"}],"replies":[{"embeddable":true,"href":"https:\/\/ftgkallefall.com\/lt\/wp-json\/wp\/v2\/comments?post=3725"}],"wp:featuredmedia":[{"embeddable":true,"href":"https:\/\/ftgkallefall.com\/lt\/wp-json\/wp\/v2\/media\/7755"}],"wp:attachment":[{"href":"https:\/\/ftgkallefall.com\/lt\/wp-json\/wp\/v2\/media?parent=3725"}],"wp:term":[{"taxonomy":"product_cat","embeddable":true,"href":"https:\/\/ftgkallefall.com\/lt\/wp-json\/wp\/v2\/product_cat?post=3725"},{"taxonomy":"product_tag","embeddable":true,"href":"https:\/\/ftgkallefall.com\/lt\/wp-json\/wp\/v2\/product_tag?post=3725"}],"curies":[{"name":"wp","href":"https:\/\/api.w.org\/{rel}","templated":true}]}}