{"id":3728,"date":"2024-01-30T12:25:48","date_gmt":"2024-01-30T10:25:48","guid":{"rendered":"https:\/\/ftgkallefall.com\/?post_type=product&#038;p=3728"},"modified":"2026-01-08T16:41:20","modified_gmt":"2026-01-08T14:41:20","slug":"hidromanipuliatorius-p82t","status":"publish","type":"product","link":"https:\/\/ftgkallefall.com\/lt\/produktas\/hidromanipuliatorius-p82t\/","title":{"rendered":"Hidromanipuliatorius P82T"},"content":{"rendered":"<p>P82T pasiekiamumas ir keliamoji galia &#8211; 8,2 m\/350 kg.<\/p>\n<p>Lygiagretusis hidromanipuliatorius vienu metu atlieka du veiksmus (i\u0161traukimas) ir turi jud\u0117jimo schem\u0105, leid\u017eian\u010di\u0105 krovinius sukrauti auk\u0161tai. Lyginant su kitais kranais, \u0161iam kranui reikia ma\u017eesnio alyvos srauto. D\u0117l to j\u012f galima eksploatuoti ma\u017eesniu variklio s\u016bki\u0173 da\u017eniu, taip taupant degalus ir aplink\u0105 bei u\u017etikrinant komforti\u0161kesn\u012f triuk\u0161mo lyg\u012f kabinoje. Krano k\u0117limo momentas &#8211; 48 kNm.<\/p>\n<p>Standartin\u0117je komplektacijoje yra 4 t rotatorius, rotatoriaus jungtys su stabd\u017eiu, FB260 griebtuvas ir CRV80 (2 svir\u010di\u0173\/3 koordina\u010di\u0173) vo\u017etuv\u0173 blokas.<\/p>\n","protected":false},"excerpt":{"rendered":"<p>8,2 m ilgio hidromanipuliatorius<\/p>\n","protected":false},"featured_media":3733,"comment_status":"closed","ping_status":"closed","template":"","meta":{"_acf_changed":false,"inline_featured_image":false},"product_cat":[183],"product_tag":[],"acf":[],"_links":{"self":[{"href":"https:\/\/ftgkallefall.com\/lt\/wp-json\/wp\/v2\/product\/3728"}],"collection":[{"href":"https:\/\/ftgkallefall.com\/lt\/wp-json\/wp\/v2\/product"}],"about":[{"href":"https:\/\/ftgkallefall.com\/lt\/wp-json\/wp\/v2\/types\/product"}],"replies":[{"embeddable":true,"href":"https:\/\/ftgkallefall.com\/lt\/wp-json\/wp\/v2\/comments?post=3728"}],"wp:featuredmedia":[{"embeddable":true,"href":"https:\/\/ftgkallefall.com\/lt\/wp-json\/wp\/v2\/media\/3733"}],"wp:attachment":[{"href":"https:\/\/ftgkallefall.com\/lt\/wp-json\/wp\/v2\/media?parent=3728"}],"wp:term":[{"taxonomy":"product_cat","embeddable":true,"href":"https:\/\/ftgkallefall.com\/lt\/wp-json\/wp\/v2\/product_cat?post=3728"},{"taxonomy":"product_tag","embeddable":true,"href":"https:\/\/ftgkallefall.com\/lt\/wp-json\/wp\/v2\/product_tag?post=3728"}],"curies":[{"name":"wp","href":"https:\/\/api.w.org\/{rel}","templated":true}]}}