{"id":3738,"date":"2023-12-20T13:12:54","date_gmt":"2023-12-20T11:12:54","guid":{"rendered":"https:\/\/ftgkallefall.com\/?post_type=product&#038;p=3738"},"modified":"2025-04-11T09:14:09","modified_gmt":"2025-04-11T07:14:09","slug":"brash-griebtuvas-fb190","status":"publish","type":"product","link":"https:\/\/ftgkallefall.com\/lt\/produktas\/brash-griebtuvas-fb190\/","title":{"rendered":"\u201e\u0160ak\u0173\u201c griebtuvas FB190S"},"content":{"rendered":"<p>FB190S griebtuvas, skirtas kr\u016bmams, \u0161akoms ir medienos r\u0105stams tvarkyti. Griebtuvai yra tvirti ir universal\u016bs, kad darbas b\u016bt\u0173 greitas ir lengvas. Lengva, bet tvirta konstrukcija buvo vienas svarbiausi\u0173 griebtuv\u0173 projektavimo aspekt\u0173. Lizdas \u00d849 mm (tinka 3 t rotatoriui). Tinka kranams FB51L, FB63T, FB69T.G2<\/p>\n","protected":false},"excerpt":{"rendered":"<p>Did\u017eiausias i\u0161skleidimas 1270 mm, su\u0117mimo plotas 0,19 m2<\/p>\n","protected":false},"featured_media":7156,"comment_status":"closed","ping_status":"closed","template":"","meta":{"_acf_changed":false,"inline_featured_image":false},"product_cat":[184,185],"product_tag":[],"acf":[],"_links":{"self":[{"href":"https:\/\/ftgkallefall.com\/lt\/wp-json\/wp\/v2\/product\/3738"}],"collection":[{"href":"https:\/\/ftgkallefall.com\/lt\/wp-json\/wp\/v2\/product"}],"about":[{"href":"https:\/\/ftgkallefall.com\/lt\/wp-json\/wp\/v2\/types\/product"}],"replies":[{"embeddable":true,"href":"https:\/\/ftgkallefall.com\/lt\/wp-json\/wp\/v2\/comments?post=3738"}],"wp:featuredmedia":[{"embeddable":true,"href":"https:\/\/ftgkallefall.com\/lt\/wp-json\/wp\/v2\/media\/7156"}],"wp:attachment":[{"href":"https:\/\/ftgkallefall.com\/lt\/wp-json\/wp\/v2\/media?parent=3738"}],"wp:term":[{"taxonomy":"product_cat","embeddable":true,"href":"https:\/\/ftgkallefall.com\/lt\/wp-json\/wp\/v2\/product_cat?post=3738"},{"taxonomy":"product_tag","embeddable":true,"href":"https:\/\/ftgkallefall.com\/lt\/wp-json\/wp\/v2\/product_tag?post=3738"}],"curies":[{"name":"wp","href":"https:\/\/api.w.org\/{rel}","templated":true}]}}