{"id":3741,"date":"2023-12-20T13:31:03","date_gmt":"2023-12-20T11:31:03","guid":{"rendered":"https:\/\/ftgkallefall.com\/?post_type=product&#038;p=3741"},"modified":"2025-04-11T08:38:39","modified_gmt":"2025-04-11T06:38:39","slug":"griebtuvas-fb210","status":"publish","type":"product","link":"https:\/\/ftgkallefall.com\/lt\/produktas\/griebtuvas-fb210\/","title":{"rendered":"Griebtuvas FB210"},"content":{"rendered":"<p>Mi\u0161kininkyst\u0117s hidromanipuliatoriaus\u00a0griebtuvas FB210 skirtas profesionaliam naudojimui. \u0160i sunkiasvor\u0117 konstrukcija pritaikyta intensyviam ir sunkiam naudojimui. \u0160is modelis paprastai derinamas su FTG kranu FB69T. Sustiprinta \u017eandikauli\u0173 konstrukcija, pritaikyta pla\u010diam atidarymui, u\u017etikrina didel\u0119 su\u0117mimo j\u0117g\u0105 ir greit\u0105 ciklo laik\u0105, maksimaliai padidinant pakrovimo na\u0161um\u0105. Griebtuvo r\u0117mas ir svirtys pagaminti i\u0161 didelio atsparumo tempimui plieno, tod\u0117l u\u017etikrinamas didelis patikimumas ir paprastas valdymas. DOMEX metalas u\u017etikrina griebtuvo patvarum\u0105 ir ilgaam\u017ei\u0161kum\u0105 sud\u0117tingiausiose situacijose. (Reikalingas adapteris FBPBA2195 arba FBPBA219, tinka 3 t arba 4 t rotatoriui). Tinka kranui FB69T<\/p>\n","protected":false},"excerpt":{"rendered":"<p>Did\u017eiausias i\u0161skleidimas 1310 mm, su\u0117mimo plotas 0,21 m2<\/p>\n","protected":false},"featured_media":7161,"comment_status":"closed","ping_status":"closed","template":"","meta":{"_acf_changed":false,"inline_featured_image":false},"product_cat":[184,185],"product_tag":[],"acf":[],"_links":{"self":[{"href":"https:\/\/ftgkallefall.com\/lt\/wp-json\/wp\/v2\/product\/3741"}],"collection":[{"href":"https:\/\/ftgkallefall.com\/lt\/wp-json\/wp\/v2\/product"}],"about":[{"href":"https:\/\/ftgkallefall.com\/lt\/wp-json\/wp\/v2\/types\/product"}],"replies":[{"embeddable":true,"href":"https:\/\/ftgkallefall.com\/lt\/wp-json\/wp\/v2\/comments?post=3741"}],"wp:featuredmedia":[{"embeddable":true,"href":"https:\/\/ftgkallefall.com\/lt\/wp-json\/wp\/v2\/media\/7161"}],"wp:attachment":[{"href":"https:\/\/ftgkallefall.com\/lt\/wp-json\/wp\/v2\/media?parent=3741"}],"wp:term":[{"taxonomy":"product_cat","embeddable":true,"href":"https:\/\/ftgkallefall.com\/lt\/wp-json\/wp\/v2\/product_cat?post=3741"},{"taxonomy":"product_tag","embeddable":true,"href":"https:\/\/ftgkallefall.com\/lt\/wp-json\/wp\/v2\/product_tag?post=3741"}],"curies":[{"name":"wp","href":"https:\/\/api.w.org\/{rel}","templated":true}]}}