{"id":3744,"date":"2023-12-20T13:34:41","date_gmt":"2023-12-20T11:34:41","guid":{"rendered":"https:\/\/ftgkallefall.com\/?post_type=product&#038;p=3744"},"modified":"2025-04-11T09:16:27","modified_gmt":"2025-04-11T07:16:27","slug":"griebtuvas-fb260","status":"publish","type":"product","link":"https:\/\/ftgkallefall.com\/lt\/produktas\/griebtuvas-fb260\/","title":{"rendered":"Griebtuvas FB260"},"content":{"rendered":"<p>Galingiausias griebtuvas, skirtas profesionaliam naudojimui. Unikalios formos \u017eandikauli\u0173 konstrukcija, pritaikyta pla\u010diam atidarymui, u\u017etikrina didel\u0119 su\u0117mimo j\u0117g\u0105 ir greit\u0105 ciklo laik\u0105, maksimaliai padidinant pakrovimo na\u0161um\u0105.<\/p>\n<p>Pagrindin\u0117 griebtuvo konstrukcija ir \u017enypl\u0117s pagamintos i\u0161 didelio atsparumo tempimui plieno, kuris u\u017etikrina didel\u012f patikimum\u0105 ir paprast\u0105 valdym\u0105. DOMEX metalas u\u017etikrina griebtuvo patvarum\u0105 ir ilgaam\u017ei\u0161kum\u0105 sud\u0117tingiausiose situacijose. \u0160i tvirta konstrukcija pritaikyta intensyviam ir sunkiam naudojimui.<\/p>\n<p>\u0160is modelis paprastai derinamas su FTG &#8222;K\u00e4llefall&#8221; h<span style=\"font-weight: 400\">idromanipuliatoriumi<\/span>\u00a0FB69T.G2<\/p>\n<p>(reikalingas adapteris FBPBA2195 arba FBPBA2196, tinka 3 t arba 4 t rotatoriui)<\/p>\n","protected":false},"excerpt":{"rendered":"<p>Did\u017eiausias i\u0161skleidimas 1370 mm, su\u0117mimo plotas 0,26 m2<\/p>\n","protected":false},"featured_media":7171,"comment_status":"closed","ping_status":"closed","template":"","meta":{"_acf_changed":false,"inline_featured_image":false},"product_cat":[184,185],"product_tag":[],"acf":[],"_links":{"self":[{"href":"https:\/\/ftgkallefall.com\/lt\/wp-json\/wp\/v2\/product\/3744"}],"collection":[{"href":"https:\/\/ftgkallefall.com\/lt\/wp-json\/wp\/v2\/product"}],"about":[{"href":"https:\/\/ftgkallefall.com\/lt\/wp-json\/wp\/v2\/types\/product"}],"replies":[{"embeddable":true,"href":"https:\/\/ftgkallefall.com\/lt\/wp-json\/wp\/v2\/comments?post=3744"}],"wp:featuredmedia":[{"embeddable":true,"href":"https:\/\/ftgkallefall.com\/lt\/wp-json\/wp\/v2\/media\/7171"}],"wp:attachment":[{"href":"https:\/\/ftgkallefall.com\/lt\/wp-json\/wp\/v2\/media?parent=3744"}],"wp:term":[{"taxonomy":"product_cat","embeddable":true,"href":"https:\/\/ftgkallefall.com\/lt\/wp-json\/wp\/v2\/product_cat?post=3744"},{"taxonomy":"product_tag","embeddable":true,"href":"https:\/\/ftgkallefall.com\/lt\/wp-json\/wp\/v2\/product_tag?post=3744"}],"curies":[{"name":"wp","href":"https:\/\/api.w.org\/{rel}","templated":true}]}}