{"id":3747,"date":"2023-12-20T13:01:09","date_gmt":"2023-12-20T11:01:09","guid":{"rendered":"https:\/\/ftgkallefall.com\/?post_type=product&#038;p=3747"},"modified":"2025-04-11T09:17:38","modified_gmt":"2025-04-11T07:17:38","slug":"apvaliu-rysuliu-griebtuvas","status":"publish","type":"product","link":"https:\/\/ftgkallefall.com\/lt\/produktas\/apvaliu-rysuliu-griebtuvas\/","title":{"rendered":"Apvali\u0173 ry\u0161uli\u0173 griebtuvas"},"content":{"rendered":"<p>FTG &#8222;K\u00e4llefall&#8221; apvali\u0173 ry\u0161uli\u0173 tvirtinimo \u012ftaisas griebtuvui FB160 ir FB190<\/p>\n","protected":false},"excerpt":{"rendered":"<p>Apvali\u0173 ry\u0161uli\u0173 tvirtinimas \u00d8 1,25 m. Tinka griebtuvui FB160 ir FB190<\/p>\n","protected":false},"featured_media":7037,"comment_status":"open","ping_status":"closed","template":"","meta":{"_acf_changed":false,"inline_featured_image":false},"product_cat":[184,185],"product_tag":[],"acf":[],"_links":{"self":[{"href":"https:\/\/ftgkallefall.com\/lt\/wp-json\/wp\/v2\/product\/3747"}],"collection":[{"href":"https:\/\/ftgkallefall.com\/lt\/wp-json\/wp\/v2\/product"}],"about":[{"href":"https:\/\/ftgkallefall.com\/lt\/wp-json\/wp\/v2\/types\/product"}],"replies":[{"embeddable":true,"href":"https:\/\/ftgkallefall.com\/lt\/wp-json\/wp\/v2\/comments?post=3747"}],"wp:featuredmedia":[{"embeddable":true,"href":"https:\/\/ftgkallefall.com\/lt\/wp-json\/wp\/v2\/media\/7037"}],"wp:attachment":[{"href":"https:\/\/ftgkallefall.com\/lt\/wp-json\/wp\/v2\/media?parent=3747"}],"wp:term":[{"taxonomy":"product_cat","embeddable":true,"href":"https:\/\/ftgkallefall.com\/lt\/wp-json\/wp\/v2\/product_cat?post=3747"},{"taxonomy":"product_tag","embeddable":true,"href":"https:\/\/ftgkallefall.com\/lt\/wp-json\/wp\/v2\/product_tag?post=3747"}],"curies":[{"name":"wp","href":"https:\/\/api.w.org\/{rel}","templated":true}]}}