{"id":3754,"date":"2023-12-29T18:18:14","date_gmt":"2023-12-29T16:18:14","guid":{"rendered":"https:\/\/ftgkallefall.com\/?post_type=product&#038;p=3754"},"modified":"2025-02-09T23:37:25","modified_gmt":"2025-02-09T21:37:25","slug":"centrinio-vamzdzio-remo-apsauga","status":"publish","type":"product","link":"https:\/\/ftgkallefall.com\/lt\/produktas\/centrinio-vamzdzio-remo-apsauga\/","title":{"rendered":"Centrinio vamzd\u017eio r\u0117mo apsauga"},"content":{"rendered":"<p>Rinkin\u012f sudaro apsaugin\u0117 dalis, apsaugin\u0117 guma ir montavimo var\u017etai. Mi\u0161ko priekaboms: FB50\/FB60 arba FB70\/FB90<\/p>\n","protected":false},"excerpt":{"rendered":"<p>Mi\u0161ko priekaboms FB50\/FB60, FB70\/FB90<\/p>\n","protected":false},"featured_media":3759,"comment_status":"closed","ping_status":"closed","template":"","meta":{"_acf_changed":false,"inline_featured_image":false},"product_cat":[184,190],"product_tag":[],"acf":[],"_links":{"self":[{"href":"https:\/\/ftgkallefall.com\/lt\/wp-json\/wp\/v2\/product\/3754"}],"collection":[{"href":"https:\/\/ftgkallefall.com\/lt\/wp-json\/wp\/v2\/product"}],"about":[{"href":"https:\/\/ftgkallefall.com\/lt\/wp-json\/wp\/v2\/types\/product"}],"replies":[{"embeddable":true,"href":"https:\/\/ftgkallefall.com\/lt\/wp-json\/wp\/v2\/comments?post=3754"}],"wp:featuredmedia":[{"embeddable":true,"href":"https:\/\/ftgkallefall.com\/lt\/wp-json\/wp\/v2\/media\/3759"}],"wp:attachment":[{"href":"https:\/\/ftgkallefall.com\/lt\/wp-json\/wp\/v2\/media?parent=3754"}],"wp:term":[{"taxonomy":"product_cat","embeddable":true,"href":"https:\/\/ftgkallefall.com\/lt\/wp-json\/wp\/v2\/product_cat?post=3754"},{"taxonomy":"product_tag","embeddable":true,"href":"https:\/\/ftgkallefall.com\/lt\/wp-json\/wp\/v2\/product_tag?post=3754"}],"curies":[{"name":"wp","href":"https:\/\/api.w.org\/{rel}","templated":true}]}}