{"id":3762,"date":"2023-12-20T13:35:52","date_gmt":"2023-12-20T11:35:52","guid":{"rendered":"https:\/\/ftgkallefall.com\/?post_type=product&#038;p=3762"},"modified":"2025-03-10T13:19:29","modified_gmt":"2025-03-10T11:19:29","slug":"kibirinis-griebtuvas-kg180","status":"publish","type":"product","link":"https:\/\/ftgkallefall.com\/lt\/produktas\/kibirinis-griebtuvas-kg180\/","title":{"rendered":"Kau\u0161inis griebtuvas KG180"},"content":{"rendered":"<p>Kau\u0161inis griebtuvas KG180 modelis yra labai patikimas biri\u0173 med\u017eiag\u0173 griebtuvas, tiksliai suprojektuotas maksimaliam pakrovimui ir i\u0161krovimui. Lengva ir itin tvirta konstrukcija yra geriausias pasirinkimas efektyviam darbui. Su \u0161iuo griebtuvu-kau\u0161u galima krauti \u012fvairi\u0173 r\u016b\u0161i\u0173 birias med\u017eiagas.<\/p>\n<p>Kau\u0161o talpa &#8211; 110 l, o pagrindin\u0117 konstrukcija suprojektuota taip, kad birias med\u017eiagas b\u016bt\u0173 galima laikyti labai sandariai. Anga \u00d849 mm (tinka 3 t rotatoriui).<\/p>\n<p>Tinka h<span style=\"font-weight: 400\">idromanipuliatorius<\/span> FB51L, FB63T, FB69T.G2<\/p>\n","protected":false},"excerpt":{"rendered":"<p>T\u016brio 110 L, plo\u010dio 700 mm<\/p>\n","protected":false},"featured_media":6957,"comment_status":"closed","ping_status":"closed","template":"","meta":{"_acf_changed":false,"inline_featured_image":false},"product_cat":[184,185],"product_tag":[],"acf":[],"_links":{"self":[{"href":"https:\/\/ftgkallefall.com\/lt\/wp-json\/wp\/v2\/product\/3762"}],"collection":[{"href":"https:\/\/ftgkallefall.com\/lt\/wp-json\/wp\/v2\/product"}],"about":[{"href":"https:\/\/ftgkallefall.com\/lt\/wp-json\/wp\/v2\/types\/product"}],"replies":[{"embeddable":true,"href":"https:\/\/ftgkallefall.com\/lt\/wp-json\/wp\/v2\/comments?post=3762"}],"wp:featuredmedia":[{"embeddable":true,"href":"https:\/\/ftgkallefall.com\/lt\/wp-json\/wp\/v2\/media\/6957"}],"wp:attachment":[{"href":"https:\/\/ftgkallefall.com\/lt\/wp-json\/wp\/v2\/media?parent=3762"}],"wp:term":[{"taxonomy":"product_cat","embeddable":true,"href":"https:\/\/ftgkallefall.com\/lt\/wp-json\/wp\/v2\/product_cat?post=3762"},{"taxonomy":"product_tag","embeddable":true,"href":"https:\/\/ftgkallefall.com\/lt\/wp-json\/wp\/v2\/product_tag?post=3762"}],"curies":[{"name":"wp","href":"https:\/\/api.w.org\/{rel}","templated":true}]}}