{"id":3766,"date":"2023-12-20T13:38:57","date_gmt":"2023-12-20T11:38:57","guid":{"rendered":"https:\/\/ftgkallefall.com\/?post_type=product&#038;p=3766"},"modified":"2025-03-10T13:21:18","modified_gmt":"2025-03-10T11:21:18","slug":"griebtuvo-kausas","status":"publish","type":"product","link":"https:\/\/ftgkallefall.com\/lt\/produktas\/griebtuvo-kausas\/","title":{"rendered":"Griebtuvo kau\u0161as"},"content":{"rendered":"<p>Papildom\u0173 kau\u0161\u0173 rinkinys tinka lengvoms birioms med\u017eiagoms, pavyzd\u017eiui, med\u017eio dro\u017el\u0117ms, pjuvenoms, gr\u016bdams ir pana\u0161iai, tvarkyti. Rinkinyje yra kau\u0161\u0173 pora ir tvirtinimo komponentai, naudojami montuojant ant griebtuvo. Galite rinktis i\u0161 keturi\u0173 skirting\u0173 modeli\u0173, tinkan\u010di\u0173 FTG &#8222;K\u00e4llefall&#8221; griebtuvams. Papildomas kau\u0161o rinkinys suteikia operatoriui maksimali\u0105 kontrol\u0119 dirbant su \u012fvairiais lengvais kroviniais. Netinka akmenims, \u017evyrui, sm\u0117liui ir pan.<\/p>\n","protected":false},"excerpt":{"rendered":"<p>T\u016bris 80-160 L<\/p>\n","protected":false},"featured_media":7176,"comment_status":"closed","ping_status":"closed","template":"","meta":{"_acf_changed":false,"inline_featured_image":false},"product_cat":[184,185],"product_tag":[],"acf":[],"_links":{"self":[{"href":"https:\/\/ftgkallefall.com\/lt\/wp-json\/wp\/v2\/product\/3766"}],"collection":[{"href":"https:\/\/ftgkallefall.com\/lt\/wp-json\/wp\/v2\/product"}],"about":[{"href":"https:\/\/ftgkallefall.com\/lt\/wp-json\/wp\/v2\/types\/product"}],"replies":[{"embeddable":true,"href":"https:\/\/ftgkallefall.com\/lt\/wp-json\/wp\/v2\/comments?post=3766"}],"wp:featuredmedia":[{"embeddable":true,"href":"https:\/\/ftgkallefall.com\/lt\/wp-json\/wp\/v2\/media\/7176"}],"wp:attachment":[{"href":"https:\/\/ftgkallefall.com\/lt\/wp-json\/wp\/v2\/media?parent=3766"}],"wp:term":[{"taxonomy":"product_cat","embeddable":true,"href":"https:\/\/ftgkallefall.com\/lt\/wp-json\/wp\/v2\/product_cat?post=3766"},{"taxonomy":"product_tag","embeddable":true,"href":"https:\/\/ftgkallefall.com\/lt\/wp-json\/wp\/v2\/product_tag?post=3766"}],"curies":[{"name":"wp","href":"https:\/\/api.w.org\/{rel}","templated":true}]}}