{"id":3775,"date":"2023-12-29T11:39:52","date_gmt":"2023-12-29T09:39:52","guid":{"rendered":"https:\/\/ftgkallefall.com\/?post_type=product&#038;p=3775"},"modified":"2025-03-10T14:41:49","modified_gmt":"2025-03-10T12:41:49","slug":"hidraulines-zarnos-jungtis","status":"publish","type":"product","link":"https:\/\/ftgkallefall.com\/lt\/produktas\/hidraulines-zarnos-jungtis\/","title":{"rendered":"Hidraulini\u0173 \u017earn\u0173 jungtis"},"content":{"rendered":"<p>FTG &#8222;K\u00e4llefall&#8221; h<span style=\"font-weight: 400\">idromanipuliatoriai<\/span>\u00a0gali tur\u0117ti papildom\u0105 hidraulini\u0173 \u017earn\u0173 jungt\u012f, \u012frengt\u0105 ant krano kolonos. \u0160i funkcija leid\u017eia itin greitai ir lengvai pakeisti \u017earnas. Galima sutaupyti daug laiko, palyginti su viso ilgio \u017earn\u0173 keitimu.<\/p>\n<ul>\n<li>Trumpesnis aptarnavimo laikas<\/li>\n<li>Lengva pakeisti pa\u017eeistas \/ nesandarias \u017earnas<\/li>\n<li>Kei\u010diant trump\u0105 \u017earn\u0105 vietoj ilgos galima sutaupyti pinig\u0173<\/li>\n<\/ul>\n","protected":false},"excerpt":{"rendered":"<p>FTG &#8222;K\u00e4llefall&#8221; hidromanipuliatoriai\u00a0gali tur\u0117ti papildom\u0105 hidraulini\u0173 \u017earn\u0173 jungt\u012f, \u012frengt\u0105 ant krano kolonos. \u0160i funkcija leid\u017eia itin greitai ir lengvai pakeisti \u017earnas. Galima sutaupyti daug laiko, palyginti su viso ilgio \u017earn\u0173 keitimu. Trumpesnis aptarnavimo laikas Lengva pakeisti pa\u017eeistas \/ nesandarias \u017earnas Kei\u010diant trump\u0105 \u017earn\u0105 vietoj ilgos galima sutaupyti pinig\u0173<\/p>\n","protected":false},"featured_media":3777,"comment_status":"open","ping_status":"closed","template":"","meta":{"_acf_changed":false,"inline_featured_image":false},"product_cat":[184,191],"product_tag":[],"acf":[],"_links":{"self":[{"href":"https:\/\/ftgkallefall.com\/lt\/wp-json\/wp\/v2\/product\/3775"}],"collection":[{"href":"https:\/\/ftgkallefall.com\/lt\/wp-json\/wp\/v2\/product"}],"about":[{"href":"https:\/\/ftgkallefall.com\/lt\/wp-json\/wp\/v2\/types\/product"}],"replies":[{"embeddable":true,"href":"https:\/\/ftgkallefall.com\/lt\/wp-json\/wp\/v2\/comments?post=3775"}],"wp:featuredmedia":[{"embeddable":true,"href":"https:\/\/ftgkallefall.com\/lt\/wp-json\/wp\/v2\/media\/3777"}],"wp:attachment":[{"href":"https:\/\/ftgkallefall.com\/lt\/wp-json\/wp\/v2\/media?parent=3775"}],"wp:term":[{"taxonomy":"product_cat","embeddable":true,"href":"https:\/\/ftgkallefall.com\/lt\/wp-json\/wp\/v2\/product_cat?post=3775"},{"taxonomy":"product_tag","embeddable":true,"href":"https:\/\/ftgkallefall.com\/lt\/wp-json\/wp\/v2\/product_tag?post=3775"}],"curies":[{"name":"wp","href":"https:\/\/api.w.org\/{rel}","templated":true}]}}