{"id":3778,"date":"2023-12-29T11:33:22","date_gmt":"2023-12-29T09:33:22","guid":{"rendered":"https:\/\/ftgkallefall.com\/?post_type=product&#038;p=3778"},"modified":"2025-02-09T23:46:16","modified_gmt":"2025-02-09T21:46:16","slug":"kelimo-cilindro-uzdarymo-voztuvas","status":"publish","type":"product","link":"https:\/\/ftgkallefall.com\/lt\/produktas\/kelimo-cilindro-uzdarymo-voztuvas\/","title":{"rendered":"K\u0117limo cilindro u\u017edarymo vo\u017etuvas"},"content":{"rendered":"<p>Tinka visiems h<span style=\"font-weight: 400\">idromanipuliatoriams<\/span>.<\/p>\n","protected":false},"excerpt":{"rendered":"<p>Tinka visiems hidromanipuliatoriams.<\/p>\n","protected":false},"featured_media":3779,"comment_status":"open","ping_status":"closed","template":"","meta":{"_acf_changed":false,"inline_featured_image":false},"product_cat":[184,191],"product_tag":[],"acf":[],"_links":{"self":[{"href":"https:\/\/ftgkallefall.com\/lt\/wp-json\/wp\/v2\/product\/3778"}],"collection":[{"href":"https:\/\/ftgkallefall.com\/lt\/wp-json\/wp\/v2\/product"}],"about":[{"href":"https:\/\/ftgkallefall.com\/lt\/wp-json\/wp\/v2\/types\/product"}],"replies":[{"embeddable":true,"href":"https:\/\/ftgkallefall.com\/lt\/wp-json\/wp\/v2\/comments?post=3778"}],"wp:featuredmedia":[{"embeddable":true,"href":"https:\/\/ftgkallefall.com\/lt\/wp-json\/wp\/v2\/media\/3779"}],"wp:attachment":[{"href":"https:\/\/ftgkallefall.com\/lt\/wp-json\/wp\/v2\/media?parent=3778"}],"wp:term":[{"taxonomy":"product_cat","embeddable":true,"href":"https:\/\/ftgkallefall.com\/lt\/wp-json\/wp\/v2\/product_cat?post=3778"},{"taxonomy":"product_tag","embeddable":true,"href":"https:\/\/ftgkallefall.com\/lt\/wp-json\/wp\/v2\/product_tag?post=3778"}],"curies":[{"name":"wp","href":"https:\/\/api.w.org\/{rel}","templated":true}]}}