{"id":3780,"date":"2023-12-29T11:19:38","date_gmt":"2023-12-29T09:19:38","guid":{"rendered":"https:\/\/ftgkallefall.com\/?post_type=product&#038;p=3780"},"modified":"2025-02-09T23:47:24","modified_gmt":"2025-02-09T21:47:24","slug":"manometras","status":"publish","type":"product","link":"https:\/\/ftgkallefall.com\/lt\/produktas\/manometras\/","title":{"rendered":"Manometras"},"content":{"rendered":"<p>Tiekimo sl\u0117gio manometras, skirtas darbiniam sl\u0117giui steb\u0117ti<\/p>\n","protected":false},"excerpt":{"rendered":"<p>Tiekimo sl\u0117gio manometras, skirtas darbiniam sl\u0117giui steb\u0117ti<\/p>\n","protected":false},"featured_media":3782,"comment_status":"open","ping_status":"closed","template":"","meta":{"_acf_changed":false,"inline_featured_image":false},"product_cat":[184,191],"product_tag":[],"acf":[],"_links":{"self":[{"href":"https:\/\/ftgkallefall.com\/lt\/wp-json\/wp\/v2\/product\/3780"}],"collection":[{"href":"https:\/\/ftgkallefall.com\/lt\/wp-json\/wp\/v2\/product"}],"about":[{"href":"https:\/\/ftgkallefall.com\/lt\/wp-json\/wp\/v2\/types\/product"}],"replies":[{"embeddable":true,"href":"https:\/\/ftgkallefall.com\/lt\/wp-json\/wp\/v2\/comments?post=3780"}],"wp:featuredmedia":[{"embeddable":true,"href":"https:\/\/ftgkallefall.com\/lt\/wp-json\/wp\/v2\/media\/3782"}],"wp:attachment":[{"href":"https:\/\/ftgkallefall.com\/lt\/wp-json\/wp\/v2\/media?parent=3780"}],"wp:term":[{"taxonomy":"product_cat","embeddable":true,"href":"https:\/\/ftgkallefall.com\/lt\/wp-json\/wp\/v2\/product_cat?post=3780"},{"taxonomy":"product_tag","embeddable":true,"href":"https:\/\/ftgkallefall.com\/lt\/wp-json\/wp\/v2\/product_tag?post=3780"}],"curies":[{"name":"wp","href":"https:\/\/api.w.org\/{rel}","templated":true}]}}