{"id":3796,"date":"2023-12-29T09:51:31","date_gmt":"2023-12-29T07:51:31","guid":{"rendered":"https:\/\/ftgkallefall.com\/?post_type=product&#038;p=3796"},"modified":"2025-03-10T14:44:43","modified_gmt":"2025-03-10T12:44:43","slug":"led-darbo-zibintai","status":"publish","type":"product","link":"https:\/\/ftgkallefall.com\/lt\/produktas\/led-darbo-zibintai\/","title":{"rendered":"LED darbo \u017eibintai"},"content":{"rendered":"<p>\u0160ie LED \u017eibintai skirti montuoti krano kolonos \u0161onuose. LED \u017eibintai yra visi\u0161kai sandar\u016bs, kad \u012f juos nepatekt\u0173 dr\u0117gm\u0117 ir dulk\u0117s. Jis turi metalin\u012f apsaugin\u012f dangtel\u012f ir yra suprojektuotas taip, kad j\u012f b\u016bt\u0173 galima paprastai pritvirtinti trimis var\u017etais.<\/p>\n<p>Pagrindin\u0117s savyb\u0117s, d\u0117l kuri\u0173 verta rinktis LED lemput\u0119:<\/p>\n<ul>\n<li>LED \u0161viesa \u0161vie\u010dia ilgiau<\/li>\n<li>LED \u0161viesa nukreipiama tiesiai ten, kur jos reikia<\/li>\n<li>LED ap\u0161vietimas geriau \u0161vie\u010dia u\u017e paprast\u0105 ap\u0161vietim\u0105<\/li>\n<\/ul>\n<p>LED technologija visame pasaulyje pripa\u017einta kaip itin \u0161vari ir ekologi\u0161ka.<\/p>\n","protected":false},"excerpt":{"rendered":"<p>\u0160ie LED \u017eibintai skirti montuoti krano kolonos \u0161onuose. LED \u017eibintai yra visi\u0161kai sandar\u016bs, kad \u012f juos nepatekt\u0173 dr\u0117gm\u0117 ir dulk\u0117s. Jis turi metalin\u012f apsaugin\u012f dangtel\u012f ir yra suprojektuotas taip, kad j\u012f b\u016bt\u0173 galima paprastai pritvirtinti trimis var\u017etais. Pagrindin\u0117s savyb\u0117s, d\u0117l kuri\u0173 verta rinktis LED lemput\u0119: LED \u0161viesa \u0161vie\u010dia ilgiau LED \u0161viesa nukreipiama tiesiai ten, kur [&hellip;]<\/p>\n","protected":false},"featured_media":3799,"comment_status":"closed","ping_status":"closed","template":"","meta":{"_acf_changed":false,"inline_featured_image":false},"product_cat":[184,191],"product_tag":[],"acf":[],"_links":{"self":[{"href":"https:\/\/ftgkallefall.com\/lt\/wp-json\/wp\/v2\/product\/3796"}],"collection":[{"href":"https:\/\/ftgkallefall.com\/lt\/wp-json\/wp\/v2\/product"}],"about":[{"href":"https:\/\/ftgkallefall.com\/lt\/wp-json\/wp\/v2\/types\/product"}],"replies":[{"embeddable":true,"href":"https:\/\/ftgkallefall.com\/lt\/wp-json\/wp\/v2\/comments?post=3796"}],"wp:featuredmedia":[{"embeddable":true,"href":"https:\/\/ftgkallefall.com\/lt\/wp-json\/wp\/v2\/media\/3799"}],"wp:attachment":[{"href":"https:\/\/ftgkallefall.com\/lt\/wp-json\/wp\/v2\/media?parent=3796"}],"wp:term":[{"taxonomy":"product_cat","embeddable":true,"href":"https:\/\/ftgkallefall.com\/lt\/wp-json\/wp\/v2\/product_cat?post=3796"},{"taxonomy":"product_tag","embeddable":true,"href":"https:\/\/ftgkallefall.com\/lt\/wp-json\/wp\/v2\/product_tag?post=3796"}],"curies":[{"name":"wp","href":"https:\/\/api.w.org\/{rel}","templated":true}]}}