{"id":3804,"date":"2023-12-29T07:45:26","date_gmt":"2023-12-29T05:45:26","guid":{"rendered":"https:\/\/ftgkallefall.com\/?post_type=product&#038;p=3804"},"modified":"2025-10-06T10:14:12","modified_gmt":"2025-10-06T08:14:12","slug":"gerve-fb800","status":"publish","type":"product","link":"https:\/\/ftgkallefall.com\/lt\/produktas\/gerve-fb800\/","title":{"rendered":"Gerv\u0117 FB800"},"content":{"rendered":"<p>FTG &#8222;K\u00e4llefall&#8221; ant h<span style=\"font-weight: 400\">idromanipuliatoriaus<\/span>\u00a0montuojama gerv\u0117 FB800 su nuotolinio valdymo pulteliu skirta pavieniams r\u0105stams i\u0161 mi\u0161ko ar kit\u0173 sunkiai pasiekiam\u0173 viet\u0173 rinkti. Tvirta konstrukcija u\u017etikrina ilgaam\u017ei\u0161kum\u0105 ir patog\u0173 valdym\u0105. Gerv\u0117 yra lengvos ir kompakti\u0161kos konstrukcijos. Jos traukos j\u0117ga siekia 800 kp ir j\u0105 galima naudoti daugelyje mi\u0161ko darb\u0173.<\/p>\n<ul>\n<li>Lengvai montuojamas<\/li>\n<li>Galimas elektrohidraulinis ir nuotolinis valdymas<\/li>\n<li>Patogus \u012frankis pavieniams r\u0105stams rinkti<\/li>\n<\/ul>\n","protected":false},"excerpt":{"rendered":"<p>Su nuotolinio valdymo rinkiniu<\/p>\n","protected":false},"featured_media":3806,"comment_status":"open","ping_status":"closed","template":"","meta":{"_acf_changed":false,"inline_featured_image":false},"product_cat":[184,188],"product_tag":[],"acf":[],"_links":{"self":[{"href":"https:\/\/ftgkallefall.com\/lt\/wp-json\/wp\/v2\/product\/3804"}],"collection":[{"href":"https:\/\/ftgkallefall.com\/lt\/wp-json\/wp\/v2\/product"}],"about":[{"href":"https:\/\/ftgkallefall.com\/lt\/wp-json\/wp\/v2\/types\/product"}],"replies":[{"embeddable":true,"href":"https:\/\/ftgkallefall.com\/lt\/wp-json\/wp\/v2\/comments?post=3804"}],"wp:featuredmedia":[{"embeddable":true,"href":"https:\/\/ftgkallefall.com\/lt\/wp-json\/wp\/v2\/media\/3806"}],"wp:attachment":[{"href":"https:\/\/ftgkallefall.com\/lt\/wp-json\/wp\/v2\/media?parent=3804"}],"wp:term":[{"taxonomy":"product_cat","embeddable":true,"href":"https:\/\/ftgkallefall.com\/lt\/wp-json\/wp\/v2\/product_cat?post=3804"},{"taxonomy":"product_tag","embeddable":true,"href":"https:\/\/ftgkallefall.com\/lt\/wp-json\/wp\/v2\/product_tag?post=3804"}],"curies":[{"name":"wp","href":"https:\/\/api.w.org\/{rel}","templated":true}]}}