{"id":3807,"date":"2023-12-29T08:04:29","date_gmt":"2023-12-29T06:04:29","guid":{"rendered":"https:\/\/ftgkallefall.com\/?post_type=product&#038;p=3807"},"modified":"2025-10-06T10:15:06","modified_gmt":"2025-10-06T08:15:06","slug":"gerve-1410kpl","status":"publish","type":"product","link":"https:\/\/ftgkallefall.com\/lt\/produktas\/gerve-1410kpl\/","title":{"rendered":"Gerv\u0117 1410KPL"},"content":{"rendered":"<p>FTG &#8222;K\u00e4llefall&#8221; ant h<span style=\"font-weight: 400\">idromanipuliatoriaus<\/span>\u00a0montuojama gerv\u0117 1410kpl su nuotolinio valdymo pulteliu skirta pavieniams r\u0105stams rinkti i\u0161 mi\u0161ko ar kit\u0173 sunkiai pasiekiam\u0173 viet\u0173. Tvirta konstrukcija u\u017etikrina ilgaam\u017ei\u0161kum\u0105 ir patog\u0173 valdym\u0105. Gerv\u0117 yra lengvos ir kompakti\u0161kos konstrukcijos. Jos traukos j\u0117ga siekia 1400 kp ir gali b\u016bti naudojama daugelyje mi\u0161ko darb\u0173.<\/p>\n<ul>\n<li>Lengvai montuojamas<\/li>\n<li>Galimas elektrohidraulinis ir nuotolinis valdymas<\/li>\n<li>Patogus \u012frankis pavieniams r\u0105stams rinkti<\/li>\n<li>Montuojamas ant h<span style=\"font-weight: 400\">idromanipuliatoriaus<\/span>\u00a0str\u0117l\u0117s<\/li>\n<\/ul>\n","protected":false},"excerpt":{"rendered":"<p>Su nuotolinio valdymo rinkiniu<\/p>\n","protected":false},"featured_media":3809,"comment_status":"open","ping_status":"closed","template":"","meta":{"_acf_changed":false,"inline_featured_image":false},"product_cat":[184,188],"product_tag":[],"acf":[],"_links":{"self":[{"href":"https:\/\/ftgkallefall.com\/lt\/wp-json\/wp\/v2\/product\/3807"}],"collection":[{"href":"https:\/\/ftgkallefall.com\/lt\/wp-json\/wp\/v2\/product"}],"about":[{"href":"https:\/\/ftgkallefall.com\/lt\/wp-json\/wp\/v2\/types\/product"}],"replies":[{"embeddable":true,"href":"https:\/\/ftgkallefall.com\/lt\/wp-json\/wp\/v2\/comments?post=3807"}],"wp:featuredmedia":[{"embeddable":true,"href":"https:\/\/ftgkallefall.com\/lt\/wp-json\/wp\/v2\/media\/3809"}],"wp:attachment":[{"href":"https:\/\/ftgkallefall.com\/lt\/wp-json\/wp\/v2\/media?parent=3807"}],"wp:term":[{"taxonomy":"product_cat","embeddable":true,"href":"https:\/\/ftgkallefall.com\/lt\/wp-json\/wp\/v2\/product_cat?post=3807"},{"taxonomy":"product_tag","embeddable":true,"href":"https:\/\/ftgkallefall.com\/lt\/wp-json\/wp\/v2\/product_tag?post=3807"}],"curies":[{"name":"wp","href":"https:\/\/api.w.org\/{rel}","templated":true}]}}