{"id":3810,"date":"2023-12-28T14:50:53","date_gmt":"2023-12-28T12:50:53","guid":{"rendered":"https:\/\/ftgkallefall.com\/?post_type=product&#038;p=3810"},"modified":"2025-03-10T13:37:35","modified_gmt":"2025-03-10T11:37:35","slug":"6t-flansinis-rotatorius-gv6","status":"publish","type":"product","link":"https:\/\/ftgkallefall.com\/lt\/produktas\/6t-flansinis-rotatorius-gv6\/","title":{"rendered":"6T flan\u0161inis rotatorius GV6"},"content":{"rendered":"<p>Flan\u0161iniai modeliai naudojami, kai reikia \u017eemos konstrukcijos ir lanks\u010dios s\u0105sajos. Hidraulinis rotatorius GV6 puikiai tinka prie flan\u0161ini\u0173 FTG griebtuv\u0173, kau\u0161\u0173. Pasi\u017eymi puikia guoli\u0173 talpa ir labai dideliu sukimo momentu. GV6 rotatoriai gali atlaikyti labai dideles dinamines ir statines apkrovas abiem kryptimis, taip pat dideles \u0161onines j\u0117gas.<\/p>\n","protected":false},"excerpt":{"rendered":"<p>Flan\u0161iniai modeliai naudojami, kai reikia \u017eemos konstrukcijos ir lanks\u010dios s\u0105sajos. Hidraulinis rotatorius GV6 puikiai tinka prie flan\u0161ini\u0173 FTG griebtuv\u0173, kau\u0161\u0173. Pasi\u017eymi puikia guoli\u0173 talpa ir labai dideliu sukimo momentu. GV6 rotatoriai gali atlaikyti labai dideles dinamines ir statines apkrovas abiem kryptimis, taip pat dideles \u0161onines j\u0117gas.<\/p>\n","protected":false},"featured_media":3812,"comment_status":"open","ping_status":"closed","template":"","meta":{"_acf_changed":false,"inline_featured_image":false},"product_cat":[184,186],"product_tag":[],"acf":[],"_links":{"self":[{"href":"https:\/\/ftgkallefall.com\/lt\/wp-json\/wp\/v2\/product\/3810"}],"collection":[{"href":"https:\/\/ftgkallefall.com\/lt\/wp-json\/wp\/v2\/product"}],"about":[{"href":"https:\/\/ftgkallefall.com\/lt\/wp-json\/wp\/v2\/types\/product"}],"replies":[{"embeddable":true,"href":"https:\/\/ftgkallefall.com\/lt\/wp-json\/wp\/v2\/comments?post=3810"}],"wp:featuredmedia":[{"embeddable":true,"href":"https:\/\/ftgkallefall.com\/lt\/wp-json\/wp\/v2\/media\/3812"}],"wp:attachment":[{"href":"https:\/\/ftgkallefall.com\/lt\/wp-json\/wp\/v2\/media?parent=3810"}],"wp:term":[{"taxonomy":"product_cat","embeddable":true,"href":"https:\/\/ftgkallefall.com\/lt\/wp-json\/wp\/v2\/product_cat?post=3810"},{"taxonomy":"product_tag","embeddable":true,"href":"https:\/\/ftgkallefall.com\/lt\/wp-json\/wp\/v2\/product_tag?post=3810"}],"curies":[{"name":"wp","href":"https:\/\/api.w.org\/{rel}","templated":true}]}}