{"id":3813,"date":"2023-12-28T13:57:04","date_gmt":"2023-12-28T11:57:04","guid":{"rendered":"https:\/\/ftgkallefall.com\/?post_type=product&#038;p=3813"},"modified":"2025-03-10T13:41:23","modified_gmt":"2025-03-10T11:41:23","slug":"3t-rotatoriaus-jungtis-be-laukiancio-stabdzio","status":"publish","type":"product","link":"https:\/\/ftgkallefall.com\/lt\/produktas\/3t-rotatoriaus-jungtis-be-laukiancio-stabdzio\/","title":{"rendered":"3T rotatoriaus jungtis be stabd\u017eio"},"content":{"rendered":"<p>Rotatoriaus jungtys naudojamos krano str\u0117lei sujungti su rotatoriumi ir griebtuvu.<br \/>\nJungtys be stabd\u017ei\u0173 tinka paprastam ir lengvam naudojimui, kai nereikia jokio svyravim\u0173 slopinimo.Rotatoriaus jungtis F60440-0B-0 tinka rotatoriui CR300.<\/p>\n","protected":false},"excerpt":{"rendered":"<p>Rotatoriui CR300<\/p>\n","protected":false},"featured_media":3821,"comment_status":"open","ping_status":"closed","template":"","meta":{"_acf_changed":false,"inline_featured_image":false},"product_cat":[184,186],"product_tag":[],"acf":[],"_links":{"self":[{"href":"https:\/\/ftgkallefall.com\/lt\/wp-json\/wp\/v2\/product\/3813"}],"collection":[{"href":"https:\/\/ftgkallefall.com\/lt\/wp-json\/wp\/v2\/product"}],"about":[{"href":"https:\/\/ftgkallefall.com\/lt\/wp-json\/wp\/v2\/types\/product"}],"replies":[{"embeddable":true,"href":"https:\/\/ftgkallefall.com\/lt\/wp-json\/wp\/v2\/comments?post=3813"}],"wp:featuredmedia":[{"embeddable":true,"href":"https:\/\/ftgkallefall.com\/lt\/wp-json\/wp\/v2\/media\/3821"}],"wp:attachment":[{"href":"https:\/\/ftgkallefall.com\/lt\/wp-json\/wp\/v2\/media?parent=3813"}],"wp:term":[{"taxonomy":"product_cat","embeddable":true,"href":"https:\/\/ftgkallefall.com\/lt\/wp-json\/wp\/v2\/product_cat?post=3813"},{"taxonomy":"product_tag","embeddable":true,"href":"https:\/\/ftgkallefall.com\/lt\/wp-json\/wp\/v2\/product_tag?post=3813"}],"curies":[{"name":"wp","href":"https:\/\/api.w.org\/{rel}","templated":true}]}}