{"id":3822,"date":"2024-01-02T07:55:06","date_gmt":"2024-01-02T05:55:06","guid":{"rendered":"https:\/\/ftgkallefall.com\/?post_type=product&#038;p=3822"},"modified":"2025-03-10T14:16:21","modified_gmt":"2025-03-10T12:16:21","slug":"operatoriaus-platforma-su-kopeciomis","status":"publish","type":"product","link":"https:\/\/ftgkallefall.com\/lt\/produktas\/operatoriaus-platforma-su-kopeciomis\/","title":{"rendered":"Operatoriaus platforma su kop\u0117\u010diomis"},"content":{"rendered":"<p>Operatoriaus platforma. Atnaujintas dizainas apima ergonominius ir tvirtumo sprendimus. Naujoji operatoriaus platforma turi kelet\u0105 privalum\u0173:<\/p>\n<ul>\n<li>Apsauginis strypas su greitai sulankstoma konstrukcija<\/li>\n<li>\u012erengtos sulankstomos kop\u0117\u010dios<\/li>\n<li>Tvirtos sulankstomos grotel\u0117s<\/li>\n<li>Vo\u017etuvo bloko laikiklis, tinkantis visiems m\u016bs\u0173 paskirstytojams<\/li>\n<\/ul>\n","protected":false},"excerpt":{"rendered":"<p>Operatoriaus platforma. Atnaujintas dizainas apima ergonominius ir tvirtumo sprendimus. Naujoji operatoriaus platforma turi kelet\u0105 privalum\u0173: Apsauginis strypas su greitai sulankstoma konstrukcija \u012erengtos sulankstomos kop\u0117\u010dios Tvirtos sulankstomos grotel\u0117s Vo\u017etuvo bloko laikiklis, tinkantis visiems m\u016bs\u0173 paskirstytojams<\/p>\n","protected":false},"featured_media":3830,"comment_status":"closed","ping_status":"closed","template":"","meta":{"_acf_changed":false,"inline_featured_image":false},"product_cat":[184,190],"product_tag":[],"acf":[],"_links":{"self":[{"href":"https:\/\/ftgkallefall.com\/lt\/wp-json\/wp\/v2\/product\/3822"}],"collection":[{"href":"https:\/\/ftgkallefall.com\/lt\/wp-json\/wp\/v2\/product"}],"about":[{"href":"https:\/\/ftgkallefall.com\/lt\/wp-json\/wp\/v2\/types\/product"}],"replies":[{"embeddable":true,"href":"https:\/\/ftgkallefall.com\/lt\/wp-json\/wp\/v2\/comments?post=3822"}],"wp:featuredmedia":[{"embeddable":true,"href":"https:\/\/ftgkallefall.com\/lt\/wp-json\/wp\/v2\/media\/3830"}],"wp:attachment":[{"href":"https:\/\/ftgkallefall.com\/lt\/wp-json\/wp\/v2\/media?parent=3822"}],"wp:term":[{"taxonomy":"product_cat","embeddable":true,"href":"https:\/\/ftgkallefall.com\/lt\/wp-json\/wp\/v2\/product_cat?post=3822"},{"taxonomy":"product_tag","embeddable":true,"href":"https:\/\/ftgkallefall.com\/lt\/wp-json\/wp\/v2\/product_tag?post=3822"}],"curies":[{"name":"wp","href":"https:\/\/api.w.org\/{rel}","templated":true}]}}