{"id":3831,"date":"2023-12-28T14:01:41","date_gmt":"2023-12-28T12:01:41","guid":{"rendered":"https:\/\/ftgkallefall.com\/?post_type=product&#038;p=3831"},"modified":"2025-03-10T13:41:02","modified_gmt":"2025-03-10T11:41:02","slug":"3t-rotatoriaus-jungtis-su-laukianciu-stabdziu","status":"publish","type":"product","link":"https:\/\/ftgkallefall.com\/lt\/produktas\/3t-rotatoriaus-jungtis-su-laukianciu-stabdziu\/","title":{"rendered":"3T rotatoriaus jungtis su stabd\u017eiu"},"content":{"rendered":"<p>Rotatoriaus jungtys naudojamos krano str\u0117lei sujungti su rotatoriumi ir griebtuvu. Jungtys su stabd\u017eiais, reikalingos sunkesniems darbams, kai reikia slopinti svyravimus. Rotatoriaus jungtis F60440-1B tinka rotatoriui CR300.<\/p>\n","protected":false},"excerpt":{"rendered":"<p>Rotatoriui CR300<\/p>\n","protected":false},"featured_media":3834,"comment_status":"open","ping_status":"closed","template":"","meta":{"_acf_changed":false,"inline_featured_image":false},"product_cat":[184,186],"product_tag":[],"acf":[],"_links":{"self":[{"href":"https:\/\/ftgkallefall.com\/lt\/wp-json\/wp\/v2\/product\/3831"}],"collection":[{"href":"https:\/\/ftgkallefall.com\/lt\/wp-json\/wp\/v2\/product"}],"about":[{"href":"https:\/\/ftgkallefall.com\/lt\/wp-json\/wp\/v2\/types\/product"}],"replies":[{"embeddable":true,"href":"https:\/\/ftgkallefall.com\/lt\/wp-json\/wp\/v2\/comments?post=3831"}],"wp:featuredmedia":[{"embeddable":true,"href":"https:\/\/ftgkallefall.com\/lt\/wp-json\/wp\/v2\/media\/3834"}],"wp:attachment":[{"href":"https:\/\/ftgkallefall.com\/lt\/wp-json\/wp\/v2\/media?parent=3831"}],"wp:term":[{"taxonomy":"product_cat","embeddable":true,"href":"https:\/\/ftgkallefall.com\/lt\/wp-json\/wp\/v2\/product_cat?post=3831"},{"taxonomy":"product_tag","embeddable":true,"href":"https:\/\/ftgkallefall.com\/lt\/wp-json\/wp\/v2\/product_tag?post=3831"}],"curies":[{"name":"wp","href":"https:\/\/api.w.org\/{rel}","templated":true}]}}