{"id":3835,"date":"2024-01-02T08:01:53","date_gmt":"2024-01-02T06:01:53","guid":{"rendered":"https:\/\/ftgkallefall.com\/?post_type=product&#038;p=3835"},"modified":"2025-03-10T14:16:54","modified_gmt":"2025-03-10T12:16:54","slug":"operatoriaus-platforma-su-sedyne","status":"publish","type":"product","link":"https:\/\/ftgkallefall.com\/lt\/produktas\/operatoriaus-platforma-su-sedyne\/","title":{"rendered":"Operatoriaus platforma su s\u0117dyne"},"content":{"rendered":"<p>Tinka visoms FTG K\u00e4llefall mi\u0161ko priekaboms: FB40D; FB50; FB60; FB70; FB90; FB90D; FB100; FB120D.<\/p>\n<p>D\u0117l i\u0161samesn\u0117s informacijos kreipkit\u0117s \u012f\u00a0<a href=\"https:\/\/ftgkallefall.com\/lt\/kontaktai\/#dealers\">pardav\u0117j\u0105.<\/a><\/p>\n","protected":false},"excerpt":{"rendered":"<p>Tinka visoms FTG K\u00e4llefall mi\u0161ko priekaboms: FB40D; FB50; FB60; FB70; FB90; FB90D; FB100; FB120D. D\u0117l i\u0161samesn\u0117s informacijos kreipkit\u0117s \u012f\u00a0pardav\u0117j\u0105.<\/p>\n","protected":false},"featured_media":3837,"comment_status":"closed","ping_status":"closed","template":"","meta":{"_acf_changed":false,"inline_featured_image":false},"product_cat":[184,190],"product_tag":[],"acf":[],"_links":{"self":[{"href":"https:\/\/ftgkallefall.com\/lt\/wp-json\/wp\/v2\/product\/3835"}],"collection":[{"href":"https:\/\/ftgkallefall.com\/lt\/wp-json\/wp\/v2\/product"}],"about":[{"href":"https:\/\/ftgkallefall.com\/lt\/wp-json\/wp\/v2\/types\/product"}],"replies":[{"embeddable":true,"href":"https:\/\/ftgkallefall.com\/lt\/wp-json\/wp\/v2\/comments?post=3835"}],"wp:featuredmedia":[{"embeddable":true,"href":"https:\/\/ftgkallefall.com\/lt\/wp-json\/wp\/v2\/media\/3837"}],"wp:attachment":[{"href":"https:\/\/ftgkallefall.com\/lt\/wp-json\/wp\/v2\/media?parent=3835"}],"wp:term":[{"taxonomy":"product_cat","embeddable":true,"href":"https:\/\/ftgkallefall.com\/lt\/wp-json\/wp\/v2\/product_cat?post=3835"},{"taxonomy":"product_tag","embeddable":true,"href":"https:\/\/ftgkallefall.com\/lt\/wp-json\/wp\/v2\/product_tag?post=3835"}],"curies":[{"name":"wp","href":"https:\/\/api.w.org\/{rel}","templated":true}]}}