{"id":3838,"date":"2024-01-02T06:41:22","date_gmt":"2024-01-02T04:41:22","guid":{"rendered":"https:\/\/ftgkallefall.com\/?post_type=product&#038;p=3838"},"modified":"2025-03-10T14:19:07","modified_gmt":"2025-03-10T12:19:07","slug":"stovejimo-kojele","status":"publish","type":"product","link":"https:\/\/ftgkallefall.com\/lt\/produktas\/stovejimo-kojele\/","title":{"rendered":"Stov\u0117jimo kojel\u0117"},"content":{"rendered":"<p>Rinkinyje yra stov\u0117jimo kojel\u0117 ir fiksavimo kai\u0161tis. Stov\u0117jimo kojel\u0117 tinka \u0161ioms FTG | K\u00e4llefall mi\u0161ko priekaboms: FB40D; FB50; FB60; FB70; FB90; FB90D; FB100.<\/p>\n","protected":false},"excerpt":{"rendered":"<p>Rinkinyje yra stov\u0117jimo kojel\u0117 ir fiksavimo kai\u0161tis. Stov\u0117jimo kojel\u0117 tinka \u0161ioms FTG | K\u00e4llefall mi\u0161ko priekaboms: FB40D; FB50; FB60; FB70; FB90; FB90D; FB100.<\/p>\n","protected":false},"featured_media":3840,"comment_status":"closed","ping_status":"closed","template":"","meta":{"_acf_changed":false,"inline_featured_image":false},"product_cat":[184,190],"product_tag":[],"acf":[],"_links":{"self":[{"href":"https:\/\/ftgkallefall.com\/lt\/wp-json\/wp\/v2\/product\/3838"}],"collection":[{"href":"https:\/\/ftgkallefall.com\/lt\/wp-json\/wp\/v2\/product"}],"about":[{"href":"https:\/\/ftgkallefall.com\/lt\/wp-json\/wp\/v2\/types\/product"}],"replies":[{"embeddable":true,"href":"https:\/\/ftgkallefall.com\/lt\/wp-json\/wp\/v2\/comments?post=3838"}],"wp:featuredmedia":[{"embeddable":true,"href":"https:\/\/ftgkallefall.com\/lt\/wp-json\/wp\/v2\/media\/3840"}],"wp:attachment":[{"href":"https:\/\/ftgkallefall.com\/lt\/wp-json\/wp\/v2\/media?parent=3838"}],"wp:term":[{"taxonomy":"product_cat","embeddable":true,"href":"https:\/\/ftgkallefall.com\/lt\/wp-json\/wp\/v2\/product_cat?post=3838"},{"taxonomy":"product_tag","embeddable":true,"href":"https:\/\/ftgkallefall.com\/lt\/wp-json\/wp\/v2\/product_tag?post=3838"}],"curies":[{"name":"wp","href":"https:\/\/api.w.org\/{rel}","templated":true}]}}