{"id":3841,"date":"2023-12-28T14:09:04","date_gmt":"2023-12-28T12:09:04","guid":{"rendered":"https:\/\/ftgkallefall.com\/?post_type=product&#038;p=3841"},"modified":"2025-03-10T13:44:13","modified_gmt":"2025-03-10T11:44:13","slug":"5t-rotatoriaus-jungtis-su-laukianciu-stabdziu","status":"publish","type":"product","link":"https:\/\/ftgkallefall.com\/lt\/produktas\/5t-rotatoriaus-jungtis-su-laukianciu-stabdziu\/","title":{"rendered":"5T rotatoriaus jungtis su stabd\u017eiu"},"content":{"rendered":"<p>Rotatoriaus jungtys naudojamos krano str\u0117lei sujungti su rotatoriumi ir griebtuvu. Jungtys su stabd\u017eiais, reikalingos sunkesniems darbams, kai reikia slopinti svyravimus. Rotatoriaus jungtis F704462-1B35 tinka rotatoriams CR505.<\/p>\n","protected":false},"excerpt":{"rendered":"<p>Rotatoriui CR505<\/p>\n","protected":false},"featured_media":3842,"comment_status":"open","ping_status":"closed","template":"","meta":{"_acf_changed":false,"inline_featured_image":false},"product_cat":[184,186],"product_tag":[],"acf":[],"_links":{"self":[{"href":"https:\/\/ftgkallefall.com\/lt\/wp-json\/wp\/v2\/product\/3841"}],"collection":[{"href":"https:\/\/ftgkallefall.com\/lt\/wp-json\/wp\/v2\/product"}],"about":[{"href":"https:\/\/ftgkallefall.com\/lt\/wp-json\/wp\/v2\/types\/product"}],"replies":[{"embeddable":true,"href":"https:\/\/ftgkallefall.com\/lt\/wp-json\/wp\/v2\/comments?post=3841"}],"wp:featuredmedia":[{"embeddable":true,"href":"https:\/\/ftgkallefall.com\/lt\/wp-json\/wp\/v2\/media\/3842"}],"wp:attachment":[{"href":"https:\/\/ftgkallefall.com\/lt\/wp-json\/wp\/v2\/media?parent=3841"}],"wp:term":[{"taxonomy":"product_cat","embeddable":true,"href":"https:\/\/ftgkallefall.com\/lt\/wp-json\/wp\/v2\/product_cat?post=3841"},{"taxonomy":"product_tag","embeddable":true,"href":"https:\/\/ftgkallefall.com\/lt\/wp-json\/wp\/v2\/product_tag?post=3841"}],"curies":[{"name":"wp","href":"https:\/\/api.w.org\/{rel}","templated":true}]}}