{"id":3843,"date":"2024-01-02T06:54:38","date_gmt":"2024-01-02T04:54:38","guid":{"rendered":"https:\/\/ftgkallefall.com\/?post_type=product&#038;p=3843"},"modified":"2025-02-10T09:46:19","modified_gmt":"2025-02-10T07:46:19","slug":"reguliuojama-stovejimo-koja","status":"publish","type":"product","link":"https:\/\/ftgkallefall.com\/lt\/produktas\/reguliuojama-stovejimo-koja\/","title":{"rendered":"Reguliuojama stov\u0117jimo koja"},"content":{"rendered":"<p>Sukurtas ir idealiai tinka sunkiajai mi\u0161ko technikai. Tiksliai pagaminta siekiant ilgalaikio patikimumo ir paprasto naudojimo. Kvadrato formos med\u017eiaga suteikia papildomo tvirtumo naudojant \u012fvairiomis s\u0105lygomis. Tinka priekaboms FB90, FB90D, FB100 ir FB120D.<\/p>\n","protected":false},"excerpt":{"rendered":"<p>Sukurtas ir idealiai tinka sunkiajai mi\u0161ko technikai. Tiksliai pagaminta siekiant ilgalaikio patikimumo ir paprasto naudojimo. Kvadrato formos med\u017eiaga suteikia papildomo tvirtumo naudojant \u012fvairiomis s\u0105lygomis. Tinka priekaboms FB90, FB90D, FB100 ir FB120D.<\/p>\n","protected":false},"featured_media":3851,"comment_status":"closed","ping_status":"closed","template":"","meta":{"_acf_changed":false,"inline_featured_image":false},"product_cat":[184,190],"product_tag":[],"acf":[],"_links":{"self":[{"href":"https:\/\/ftgkallefall.com\/lt\/wp-json\/wp\/v2\/product\/3843"}],"collection":[{"href":"https:\/\/ftgkallefall.com\/lt\/wp-json\/wp\/v2\/product"}],"about":[{"href":"https:\/\/ftgkallefall.com\/lt\/wp-json\/wp\/v2\/types\/product"}],"replies":[{"embeddable":true,"href":"https:\/\/ftgkallefall.com\/lt\/wp-json\/wp\/v2\/comments?post=3843"}],"wp:featuredmedia":[{"embeddable":true,"href":"https:\/\/ftgkallefall.com\/lt\/wp-json\/wp\/v2\/media\/3851"}],"wp:attachment":[{"href":"https:\/\/ftgkallefall.com\/lt\/wp-json\/wp\/v2\/media?parent=3843"}],"wp:term":[{"taxonomy":"product_cat","embeddable":true,"href":"https:\/\/ftgkallefall.com\/lt\/wp-json\/wp\/v2\/product_cat?post=3843"},{"taxonomy":"product_tag","embeddable":true,"href":"https:\/\/ftgkallefall.com\/lt\/wp-json\/wp\/v2\/product_tag?post=3843"}],"curies":[{"name":"wp","href":"https:\/\/api.w.org\/{rel}","templated":true}]}}