{"id":3854,"date":"2024-01-07T19:36:15","date_gmt":"2024-01-07T17:36:15","guid":{"rendered":"https:\/\/ftgkallefall.com\/?post_type=product&#038;p=3854"},"modified":"2025-02-17T10:19:47","modified_gmt":"2025-02-17T08:19:47","slug":"kolo-jungtis","status":"publish","type":"product","link":"https:\/\/ftgkallefall.com\/lt\/produktas\/kolo-jungtis\/","title":{"rendered":"Statrams\u010dio jungtis"},"content":{"rendered":"<p>Vart\u0173 ir pirmosios poros statrams\u010di\u0173 jungtis. Apsaugo pirm\u0105j\u0105 statrams\u010di\u0173 por\u0105 nuo susisukimo.<\/p>\n","protected":false},"excerpt":{"rendered":"<p>Vart\u0173 ir pirmosios poros statrams\u010di\u0173 jungtis. Apsaugo pirm\u0105j\u0105 statrams\u010di\u0173 por\u0105 nuo susisukimo.<\/p>\n","protected":false},"featured_media":3856,"comment_status":"open","ping_status":"closed","template":"","meta":{"_acf_changed":false,"inline_featured_image":false},"product_cat":[184,190],"product_tag":[],"acf":[],"_links":{"self":[{"href":"https:\/\/ftgkallefall.com\/lt\/wp-json\/wp\/v2\/product\/3854"}],"collection":[{"href":"https:\/\/ftgkallefall.com\/lt\/wp-json\/wp\/v2\/product"}],"about":[{"href":"https:\/\/ftgkallefall.com\/lt\/wp-json\/wp\/v2\/types\/product"}],"replies":[{"embeddable":true,"href":"https:\/\/ftgkallefall.com\/lt\/wp-json\/wp\/v2\/comments?post=3854"}],"wp:featuredmedia":[{"embeddable":true,"href":"https:\/\/ftgkallefall.com\/lt\/wp-json\/wp\/v2\/media\/3856"}],"wp:attachment":[{"href":"https:\/\/ftgkallefall.com\/lt\/wp-json\/wp\/v2\/media?parent=3854"}],"wp:term":[{"taxonomy":"product_cat","embeddable":true,"href":"https:\/\/ftgkallefall.com\/lt\/wp-json\/wp\/v2\/product_cat?post=3854"},{"taxonomy":"product_tag","embeddable":true,"href":"https:\/\/ftgkallefall.com\/lt\/wp-json\/wp\/v2\/product_tag?post=3854"}],"curies":[{"name":"wp","href":"https:\/\/api.w.org\/{rel}","templated":true}]}}