{"id":3861,"date":"2024-01-02T07:23:38","date_gmt":"2024-01-02T05:23:38","guid":{"rendered":"https:\/\/ftgkallefall.com\/?post_type=product&#038;p=3861"},"modified":"2025-02-10T09:49:24","modified_gmt":"2025-02-10T07:49:24","slug":"reguliuojamas-stovejimo-ratas","status":"publish","type":"product","link":"https:\/\/ftgkallefall.com\/lt\/produktas\/reguliuojamas-stovejimo-ratas\/","title":{"rendered":"Reguliuojamas stov\u0117jimo ratas"},"content":{"rendered":"<p>Reguliuojamo auk\u0161\u010dio stov\u0117jimo ratas.<\/p>\n<p>Mi\u0161ko priekaboms FB30\/FB40\/FB50\/FB60 ir FB70\/FB90\/FB100.<\/p>\n","protected":false},"excerpt":{"rendered":"<p>Mi\u0161ko priekaboms FB40\/FB50\/FB60 ir FB70\/FB90\/FB100<\/p>\n","protected":false},"featured_media":3865,"comment_status":"closed","ping_status":"closed","template":"","meta":{"_acf_changed":false,"inline_featured_image":false},"product_cat":[184,190],"product_tag":[],"acf":[],"_links":{"self":[{"href":"https:\/\/ftgkallefall.com\/lt\/wp-json\/wp\/v2\/product\/3861"}],"collection":[{"href":"https:\/\/ftgkallefall.com\/lt\/wp-json\/wp\/v2\/product"}],"about":[{"href":"https:\/\/ftgkallefall.com\/lt\/wp-json\/wp\/v2\/types\/product"}],"replies":[{"embeddable":true,"href":"https:\/\/ftgkallefall.com\/lt\/wp-json\/wp\/v2\/comments?post=3861"}],"wp:featuredmedia":[{"embeddable":true,"href":"https:\/\/ftgkallefall.com\/lt\/wp-json\/wp\/v2\/media\/3865"}],"wp:attachment":[{"href":"https:\/\/ftgkallefall.com\/lt\/wp-json\/wp\/v2\/media?parent=3861"}],"wp:term":[{"taxonomy":"product_cat","embeddable":true,"href":"https:\/\/ftgkallefall.com\/lt\/wp-json\/wp\/v2\/product_cat?post=3861"},{"taxonomy":"product_tag","embeddable":true,"href":"https:\/\/ftgkallefall.com\/lt\/wp-json\/wp\/v2\/product_tag?post=3861"}],"curies":[{"name":"wp","href":"https:\/\/api.w.org\/{rel}","templated":true}]}}