{"id":3868,"date":"2024-01-09T14:22:59","date_gmt":"2024-01-09T12:22:59","guid":{"rendered":"https:\/\/ftgkallefall.com\/?post_type=product&#038;p=3868"},"modified":"2025-11-14T15:43:25","modified_gmt":"2025-11-14T13:43:25","slug":"apsauginis-valstybinio-numerio-zenklo-zibintu-laikiklis","status":"publish","type":"product","link":"https:\/\/ftgkallefall.com\/lt\/produktas\/apsauginis-valstybinio-numerio-zenklo-zibintu-laikiklis\/","title":{"rendered":"Valstybinio numerio \u017eenklo \u017eibint\u0173 apsauga"},"content":{"rendered":"<p>Reg. numerio \u017eenklo \u0161viesos apsaugos juosta mi\u0161ko priekaboms FB70\/FB90 ir FB120D<\/p>\n","protected":false},"excerpt":{"rendered":"<p>Mi\u0161ko priekaboms FB70\/90 ir FB120<\/p>\n","protected":false},"featured_media":3876,"comment_status":"open","ping_status":"closed","template":"","meta":{"_acf_changed":false,"inline_featured_image":false},"product_cat":[184,190],"product_tag":[],"acf":[],"_links":{"self":[{"href":"https:\/\/ftgkallefall.com\/lt\/wp-json\/wp\/v2\/product\/3868"}],"collection":[{"href":"https:\/\/ftgkallefall.com\/lt\/wp-json\/wp\/v2\/product"}],"about":[{"href":"https:\/\/ftgkallefall.com\/lt\/wp-json\/wp\/v2\/types\/product"}],"replies":[{"embeddable":true,"href":"https:\/\/ftgkallefall.com\/lt\/wp-json\/wp\/v2\/comments?post=3868"}],"wp:featuredmedia":[{"embeddable":true,"href":"https:\/\/ftgkallefall.com\/lt\/wp-json\/wp\/v2\/media\/3876"}],"wp:attachment":[{"href":"https:\/\/ftgkallefall.com\/lt\/wp-json\/wp\/v2\/media?parent=3868"}],"wp:term":[{"taxonomy":"product_cat","embeddable":true,"href":"https:\/\/ftgkallefall.com\/lt\/wp-json\/wp\/v2\/product_cat?post=3868"},{"taxonomy":"product_tag","embeddable":true,"href":"https:\/\/ftgkallefall.com\/lt\/wp-json\/wp\/v2\/product_tag?post=3868"}],"curies":[{"name":"wp","href":"https:\/\/api.w.org\/{rel}","templated":true}]}}