{"id":3879,"date":"2024-01-09T13:58:53","date_gmt":"2024-01-09T11:58:53","guid":{"rendered":"https:\/\/ftgkallefall.com\/?post_type=product&#038;p=3879"},"modified":"2025-02-17T10:21:12","modified_gmt":"2025-02-17T08:21:12","slug":"stiebu-prailginimai","status":"publish","type":"product","link":"https:\/\/ftgkallefall.com\/lt\/produktas\/stiebu-prailginimai\/","title":{"rendered":"Statrams\u010di\u0173 prailginimai"},"content":{"rendered":"<p>Statrams\u010di\u0173 prailginimai, 200 mm<\/p>\n","protected":false},"excerpt":{"rendered":"<p>Mi\u0161ko priekab\u0173 FB50\/FB60\/FB70, FB90\/FB90D\/FB100 ir FB120 statrams\u010di\u0173 prailginimai<\/p>\n","protected":false},"featured_media":3881,"comment_status":"open","ping_status":"closed","template":"","meta":{"_acf_changed":false,"inline_featured_image":false},"product_cat":[184,190],"product_tag":[],"acf":[],"_links":{"self":[{"href":"https:\/\/ftgkallefall.com\/lt\/wp-json\/wp\/v2\/product\/3879"}],"collection":[{"href":"https:\/\/ftgkallefall.com\/lt\/wp-json\/wp\/v2\/product"}],"about":[{"href":"https:\/\/ftgkallefall.com\/lt\/wp-json\/wp\/v2\/types\/product"}],"replies":[{"embeddable":true,"href":"https:\/\/ftgkallefall.com\/lt\/wp-json\/wp\/v2\/comments?post=3879"}],"wp:featuredmedia":[{"embeddable":true,"href":"https:\/\/ftgkallefall.com\/lt\/wp-json\/wp\/v2\/media\/3881"}],"wp:attachment":[{"href":"https:\/\/ftgkallefall.com\/lt\/wp-json\/wp\/v2\/media?parent=3879"}],"wp:term":[{"taxonomy":"product_cat","embeddable":true,"href":"https:\/\/ftgkallefall.com\/lt\/wp-json\/wp\/v2\/product_cat?post=3879"},{"taxonomy":"product_tag","embeddable":true,"href":"https:\/\/ftgkallefall.com\/lt\/wp-json\/wp\/v2\/product_tag?post=3879"}],"curies":[{"name":"wp","href":"https:\/\/api.w.org\/{rel}","templated":true}]}}