{"id":3885,"date":"2023-12-29T18:10:43","date_gmt":"2023-12-29T16:10:43","guid":{"rendered":"https:\/\/ftgkallefall.com\/?post_type=product&#038;p=3885"},"modified":"2026-01-12T18:14:52","modified_gmt":"2026-01-12T16:14:52","slug":"ratu-pleistai","status":"publish","type":"product","link":"https:\/\/ftgkallefall.com\/lt\/produktas\/ratu-pleistai\/","title":{"rendered":"Rat\u0173 plei\u0161tai"},"content":{"rendered":"<p>Rat\u0173 atram\u0173 rinkinys, plastikiniai (2 vnt.) Rat\u0173 atram\u0173 rinkinys naudojamas siekiant apsaugoti mi\u0161ko priekabas nuo atsitiktinio jud\u0117jimo.<\/p>\n<p>Dedami siekiant u\u017etikrinti saugum\u0105 prie rat\u0173. Pagaminti i\u0161 tvirtos plastikin\u0117s med\u017eiagos, kuri, palyginti su plieniniais rat\u0173 plei\u0161tais, yra lengvesn\u0117.<\/p>\n","protected":false},"excerpt":{"rendered":"<p>Rat\u0173 atram\u0173 rinkinys, plastikiniai (2 vnt.) Rat\u0173 atram\u0173 rinkinys naudojamas siekiant apsaugoti mi\u0161ko priekabas nuo atsitiktinio jud\u0117jimo. Dedami siekiant u\u017etikrinti saugum\u0105 prie rat\u0173. Pagaminti i\u0161 tvirtos plastikin\u0117s med\u017eiagos, kuri, palyginti su plieniniais rat\u0173 plei\u0161tais, yra lengvesn\u0117.<\/p>\n","protected":false},"featured_media":7775,"comment_status":"open","ping_status":"closed","template":"","meta":{"_acf_changed":false,"inline_featured_image":false},"product_cat":[184,190],"product_tag":[],"acf":[],"_links":{"self":[{"href":"https:\/\/ftgkallefall.com\/lt\/wp-json\/wp\/v2\/product\/3885"}],"collection":[{"href":"https:\/\/ftgkallefall.com\/lt\/wp-json\/wp\/v2\/product"}],"about":[{"href":"https:\/\/ftgkallefall.com\/lt\/wp-json\/wp\/v2\/types\/product"}],"replies":[{"embeddable":true,"href":"https:\/\/ftgkallefall.com\/lt\/wp-json\/wp\/v2\/comments?post=3885"}],"wp:featuredmedia":[{"embeddable":true,"href":"https:\/\/ftgkallefall.com\/lt\/wp-json\/wp\/v2\/media\/7775"}],"wp:attachment":[{"href":"https:\/\/ftgkallefall.com\/lt\/wp-json\/wp\/v2\/media?parent=3885"}],"wp:term":[{"taxonomy":"product_cat","embeddable":true,"href":"https:\/\/ftgkallefall.com\/lt\/wp-json\/wp\/v2\/product_cat?post=3885"},{"taxonomy":"product_tag","embeddable":true,"href":"https:\/\/ftgkallefall.com\/lt\/wp-json\/wp\/v2\/product_tag?post=3885"}],"curies":[{"name":"wp","href":"https:\/\/api.w.org\/{rel}","templated":true}]}}