{"id":3888,"date":"2024-01-08T07:29:11","date_gmt":"2024-01-08T05:29:11","guid":{"rendered":"https:\/\/ftgkallefall.com\/?post_type=product&#038;p=3888"},"modified":"2026-01-08T16:49:52","modified_gmt":"2026-01-08T14:49:52","slug":"ideklo-ploksteles-krumapjovei","status":"publish","type":"product","link":"https:\/\/ftgkallefall.com\/lt\/produktas\/ideklo-ploksteles-krumapjovei\/","title":{"rendered":"Bortai biokurui"},"content":{"rendered":"<p>Priekaboms skirti bortai suprojektuoti ir pritaikyti biokurui ve\u017eti. Taip pat galima ve\u017eti bet kokias kitas lengvas med\u017eiagas, pavyzd\u017eiui, \u0161akas, kr\u016bmus. \u0160oninius lak\u0161tus lengva sumontuoti, nes juos tereikia pritvirtinti prie statrams\u010di\u0173 ir susukti var\u017etais.<\/p>\n<ul>\n<li>Lengvas montavimas<\/li>\n<li>Skirta daugumai FTG K\u00e4llefall mi\u0161ko priekab\u0173 modeli\u0173<\/li>\n<li>Cinkuota med\u017eiaga<\/li>\n<\/ul>\n<p>Daugiau informacijos apie skirting\u0173 modeli\u0173 priekab\u0173 \u012fd\u0117klus \u017er. toliau.<\/p>\n","protected":false},"excerpt":{"rendered":"<p>Priekaboms skirti bortai suprojektuoti ir pritaikyti biokurui ve\u017eti. Taip pat galima ve\u017eti bet kokias kitas lengvas med\u017eiagas, pavyzd\u017eiui, \u0161akas, kr\u016bmus. \u0160oninius lak\u0161tus lengva sumontuoti, nes juos tereikia pritvirtinti prie statrams\u010di\u0173 ir susukti var\u017etais. Lengvas montavimas Skirta daugumai FTG K\u00e4llefall mi\u0161ko priekab\u0173 modeli\u0173 Cinkuota med\u017eiaga Daugiau informacijos apie skirting\u0173 modeli\u0173 priekab\u0173 \u012fd\u0117klus \u017er. toliau.<\/p>\n","protected":false},"featured_media":3890,"comment_status":"open","ping_status":"closed","template":"","meta":{"_acf_changed":false,"inline_featured_image":false},"product_cat":[184,190],"product_tag":[],"acf":[],"_links":{"self":[{"href":"https:\/\/ftgkallefall.com\/lt\/wp-json\/wp\/v2\/product\/3888"}],"collection":[{"href":"https:\/\/ftgkallefall.com\/lt\/wp-json\/wp\/v2\/product"}],"about":[{"href":"https:\/\/ftgkallefall.com\/lt\/wp-json\/wp\/v2\/types\/product"}],"replies":[{"embeddable":true,"href":"https:\/\/ftgkallefall.com\/lt\/wp-json\/wp\/v2\/comments?post=3888"}],"wp:featuredmedia":[{"embeddable":true,"href":"https:\/\/ftgkallefall.com\/lt\/wp-json\/wp\/v2\/media\/3890"}],"wp:attachment":[{"href":"https:\/\/ftgkallefall.com\/lt\/wp-json\/wp\/v2\/media?parent=3888"}],"wp:term":[{"taxonomy":"product_cat","embeddable":true,"href":"https:\/\/ftgkallefall.com\/lt\/wp-json\/wp\/v2\/product_cat?post=3888"},{"taxonomy":"product_tag","embeddable":true,"href":"https:\/\/ftgkallefall.com\/lt\/wp-json\/wp\/v2\/product_tag?post=3888"}],"curies":[{"name":"wp","href":"https:\/\/api.w.org\/{rel}","templated":true}]}}