{"id":3898,"date":"2023-12-29T17:24:13","date_gmt":"2023-12-29T15:24:13","guid":{"rendered":"https:\/\/ftgkallefall.com\/?post_type=product&#038;p=3898"},"modified":"2025-03-10T14:26:22","modified_gmt":"2025-03-10T12:26:22","slug":"apsaugines-plokstes-atraminems-kojoms","status":"publish","type":"product","link":"https:\/\/ftgkallefall.com\/lt\/produktas\/apsaugines-plokstes-atraminems-kojoms\/","title":{"rendered":"Apsaugin\u0117s plok\u0161t\u0117s atramin\u0117ms kojoms"},"content":{"rendered":"<p>Apsaugin\u0117s plok\u0161t\u0117s atramin\u0117ms kojoms.<\/p>\n<p>1 rinkin\u012f sudaro 2 vnt.<\/p>\n","protected":false},"excerpt":{"rendered":"<p>Apsaugin\u0117s plok\u0161t\u0117s atramin\u0117ms kojoms. 1 rinkin\u012f sudaro 2 vnt.<\/p>\n","protected":false},"featured_media":7760,"comment_status":"closed","ping_status":"closed","template":"","meta":{"_acf_changed":false,"inline_featured_image":false},"product_cat":[184,190],"product_tag":[],"acf":[],"_links":{"self":[{"href":"https:\/\/ftgkallefall.com\/lt\/wp-json\/wp\/v2\/product\/3898"}],"collection":[{"href":"https:\/\/ftgkallefall.com\/lt\/wp-json\/wp\/v2\/product"}],"about":[{"href":"https:\/\/ftgkallefall.com\/lt\/wp-json\/wp\/v2\/types\/product"}],"replies":[{"embeddable":true,"href":"https:\/\/ftgkallefall.com\/lt\/wp-json\/wp\/v2\/comments?post=3898"}],"wp:featuredmedia":[{"embeddable":true,"href":"https:\/\/ftgkallefall.com\/lt\/wp-json\/wp\/v2\/media\/7760"}],"wp:attachment":[{"href":"https:\/\/ftgkallefall.com\/lt\/wp-json\/wp\/v2\/media?parent=3898"}],"wp:term":[{"taxonomy":"product_cat","embeddable":true,"href":"https:\/\/ftgkallefall.com\/lt\/wp-json\/wp\/v2\/product_cat?post=3898"},{"taxonomy":"product_tag","embeddable":true,"href":"https:\/\/ftgkallefall.com\/lt\/wp-json\/wp\/v2\/product_tag?post=3898"}],"curies":[{"name":"wp","href":"https:\/\/api.w.org\/{rel}","templated":true}]}}