{"id":3930,"date":"2024-01-05T12:36:13","date_gmt":"2024-01-05T10:36:13","guid":{"rendered":"https:\/\/ftgkallefall.com\/?post_type=product&#038;p=3930"},"modified":"2025-03-10T14:33:24","modified_gmt":"2025-03-10T12:33:24","slug":"nuimamas-gultas","status":"publish","type":"product","link":"https:\/\/ftgkallefall.com\/lt\/produktas\/nuimamas-gultas\/","title":{"rendered":"Nuimama tarpin\u0117"},"content":{"rendered":"<p>R\u0105stams sukrauti ir prilaikyti priekaboje naudojamos tarpin\u0117s ir statrams\u010diai. Prireikus statrams\u010dius galima \u012fstatyti arba i\u0161imti i\u0161 tarpin\u0117s ki\u0161en\u0117s. Lengvai pritaikomos konstrukcijos tarpin\u0119 su statrams\u010diais galima pastatyti bet kurioje norimoje centrin\u0117s (-i\u0173) sijos (-\u0173) vietoje. Lyginant su standartine papildomos tarpin\u0117s su statrams\u010diais versija, surinkus priekaba j\u0105 galima lengvai sumontuoti pa\u010diam. M\u016bs\u0173 suprojektuotos tarpin\u0117s pasi\u017eymi savyb\u0117mis, reikalingomis saugumui ve\u017eant u\u017etikrinti.<\/p>\n","protected":false},"excerpt":{"rendered":"<p>Standartin\u0117 papildomos tarpin\u0117s su statrams\u010diais versija si\u016bloma \u0161ioms priekaboms: FB50; FB60; FB70; FB90;<\/p>\n","protected":false},"featured_media":3925,"comment_status":"open","ping_status":"closed","template":"","meta":{"_acf_changed":false,"inline_featured_image":false},"product_cat":[184,190],"product_tag":[],"acf":[],"_links":{"self":[{"href":"https:\/\/ftgkallefall.com\/lt\/wp-json\/wp\/v2\/product\/3930"}],"collection":[{"href":"https:\/\/ftgkallefall.com\/lt\/wp-json\/wp\/v2\/product"}],"about":[{"href":"https:\/\/ftgkallefall.com\/lt\/wp-json\/wp\/v2\/types\/product"}],"replies":[{"embeddable":true,"href":"https:\/\/ftgkallefall.com\/lt\/wp-json\/wp\/v2\/comments?post=3930"}],"wp:featuredmedia":[{"embeddable":true,"href":"https:\/\/ftgkallefall.com\/lt\/wp-json\/wp\/v2\/media\/3925"}],"wp:attachment":[{"href":"https:\/\/ftgkallefall.com\/lt\/wp-json\/wp\/v2\/media?parent=3930"}],"wp:term":[{"taxonomy":"product_cat","embeddable":true,"href":"https:\/\/ftgkallefall.com\/lt\/wp-json\/wp\/v2\/product_cat?post=3930"},{"taxonomy":"product_tag","embeddable":true,"href":"https:\/\/ftgkallefall.com\/lt\/wp-json\/wp\/v2\/product_tag?post=3930"}],"curies":[{"name":"wp","href":"https:\/\/api.w.org\/{rel}","templated":true}]}}