{"id":3938,"date":"2024-01-07T18:59:46","date_gmt":"2024-01-07T16:59:46","guid":{"rendered":"https:\/\/ftgkallefall.com\/?post_type=product&#038;p=3938"},"modified":"2025-03-10T14:35:21","modified_gmt":"2025-03-10T12:35:21","slug":"remo-prailginimas","status":"publish","type":"product","link":"https:\/\/ftgkallefall.com\/lt\/produktas\/remo-prailginimas\/","title":{"rendered":"R\u0117mo prailginimas"},"content":{"rendered":"<p>Priklausomai nuo mi\u0161ko priekabos modelio, r\u0117mo prailginimas leid\u017eia padidinti pakrovimo ilg\u012f nuo 300 mm iki 900 mm. Jei priekaba buvo pristatyta be prailginimo, j\u012f galima sumontuoti bet kada v\u0117liau. Prie daugumos mi\u0161ko priekab\u0173 prailginim\u0173 pridedama statrams\u010di\u0173 pora. R\u0117mo prailgintuvuose \u012fmontuoti galiniai \u017eibintai.<\/p>\n","protected":false},"excerpt":{"rendered":"<p>Priklausomai nuo mi\u0161ko priekabos modelio, r\u0117mo prailginimas leid\u017eia padidinti pakrovimo ilg\u012f nuo 300 mm iki 900 mm. Jei priekaba buvo pristatyta be prailginimo, j\u012f galima sumontuoti bet kada v\u0117liau. Prie daugumos mi\u0161ko priekab\u0173 prailginim\u0173 pridedama statrams\u010di\u0173 pora. R\u0117mo prailgintuvuose \u012fmontuoti galiniai \u017eibintai.<\/p>\n","protected":false},"featured_media":3940,"comment_status":"open","ping_status":"closed","template":"","meta":{"_acf_changed":false,"inline_featured_image":false},"product_cat":[184,190],"product_tag":[],"acf":[],"_links":{"self":[{"href":"https:\/\/ftgkallefall.com\/lt\/wp-json\/wp\/v2\/product\/3938"}],"collection":[{"href":"https:\/\/ftgkallefall.com\/lt\/wp-json\/wp\/v2\/product"}],"about":[{"href":"https:\/\/ftgkallefall.com\/lt\/wp-json\/wp\/v2\/types\/product"}],"replies":[{"embeddable":true,"href":"https:\/\/ftgkallefall.com\/lt\/wp-json\/wp\/v2\/comments?post=3938"}],"wp:featuredmedia":[{"embeddable":true,"href":"https:\/\/ftgkallefall.com\/lt\/wp-json\/wp\/v2\/media\/3940"}],"wp:attachment":[{"href":"https:\/\/ftgkallefall.com\/lt\/wp-json\/wp\/v2\/media?parent=3938"}],"wp:term":[{"taxonomy":"product_cat","embeddable":true,"href":"https:\/\/ftgkallefall.com\/lt\/wp-json\/wp\/v2\/product_cat?post=3938"},{"taxonomy":"product_tag","embeddable":true,"href":"https:\/\/ftgkallefall.com\/lt\/wp-json\/wp\/v2\/product_tag?post=3938"}],"curies":[{"name":"wp","href":"https:\/\/api.w.org\/{rel}","templated":true}]}}