{"id":3947,"date":"2023-12-29T18:05:28","date_gmt":"2023-12-29T16:05:28","guid":{"rendered":"https:\/\/ftgkallefall.com\/?post_type=product&#038;p=3947"},"modified":"2025-03-10T14:38:54","modified_gmt":"2025-03-10T12:38:54","slug":"degalu-bako-laikiklis-su-baku","status":"publish","type":"product","link":"https:\/\/ftgkallefall.com\/lt\/produktas\/degalu-bako-laikiklis-su-baku\/","title":{"rendered":"Degal\u0173 bako laikiklis su baku"},"content":{"rendered":"<p>Universalus degal\u0173 bako laikiklis tinka visoms FTG K\u00e4llefall mi\u0161ko priekaboms. \u0160iuos laikiklius lengva pritvirtinti ir nuimti, jie saugiai ir patikimai laiko dvigub\u0105 degal\u0173 bak\u0105 va\u017eiuojant nelygia vietove.<\/p>\n<ul>\n<li>Universali konstrukcija leid\u017eia tvirtinti laikikl\u012f ne tik prie bet kurios FTG K\u00e4llefall mi\u0161ko priekabos, bet ir prie kit\u0173 rinkoje esan\u010di\u0173 priekab\u0173.<\/li>\n<li>5L+2L bakas \u012feina \u012f komplekt\u0105<\/li>\n<li>Patvarus plienini\u0173 dali\u0173 padengimas juoda milteline danga<\/li>\n<li>Lankst\u016bs dir\u017eeliai, u\u017etikrinantys saugum\u0105<\/li>\n<li>Degal\u0173 bako laikikliui sumontuoti tereikia keli\u0173 minu\u010di\u0173<\/li>\n<\/ul>\n","protected":false},"excerpt":{"rendered":"<p>Universalus degal\u0173 bako laikiklis tinka visoms FTG K\u00e4llefall mi\u0161ko priekaboms. \u0160iuos laikiklius lengva pritvirtinti ir nuimti, jie saugiai ir patikimai laiko dvigub\u0105 degal\u0173 bak\u0105 va\u017eiuojant nelygia vietove. Universali konstrukcija leid\u017eia tvirtinti laikikl\u012f ne tik prie bet kurios FTG K\u00e4llefall mi\u0161ko priekabos, bet ir prie kit\u0173 rinkoje esan\u010di\u0173 priekab\u0173. 5L+2L bakas \u012feina \u012f komplekt\u0105 Patvarus plienini\u0173 [&hellip;]<\/p>\n","protected":false},"featured_media":3949,"comment_status":"closed","ping_status":"closed","template":"","meta":{"_acf_changed":false,"inline_featured_image":false},"product_cat":[184,190],"product_tag":[],"acf":[],"_links":{"self":[{"href":"https:\/\/ftgkallefall.com\/lt\/wp-json\/wp\/v2\/product\/3947"}],"collection":[{"href":"https:\/\/ftgkallefall.com\/lt\/wp-json\/wp\/v2\/product"}],"about":[{"href":"https:\/\/ftgkallefall.com\/lt\/wp-json\/wp\/v2\/types\/product"}],"replies":[{"embeddable":true,"href":"https:\/\/ftgkallefall.com\/lt\/wp-json\/wp\/v2\/comments?post=3947"}],"wp:featuredmedia":[{"embeddable":true,"href":"https:\/\/ftgkallefall.com\/lt\/wp-json\/wp\/v2\/media\/3949"}],"wp:attachment":[{"href":"https:\/\/ftgkallefall.com\/lt\/wp-json\/wp\/v2\/media?parent=3947"}],"wp:term":[{"taxonomy":"product_cat","embeddable":true,"href":"https:\/\/ftgkallefall.com\/lt\/wp-json\/wp\/v2\/product_cat?post=3947"},{"taxonomy":"product_tag","embeddable":true,"href":"https:\/\/ftgkallefall.com\/lt\/wp-json\/wp\/v2\/product_tag?post=3947"}],"curies":[{"name":"wp","href":"https:\/\/api.w.org\/{rel}","templated":true}]}}