{"id":3951,"date":"2024-06-26T20:41:55","date_gmt":"2024-06-26T18:41:55","guid":{"rendered":"https:\/\/ftgkallefall.com\/?post_type=product&#038;p=3951"},"modified":"2025-03-10T13:47:30","modified_gmt":"2025-03-10T11:47:30","slug":"3-tasku-tvirtinimas-kat-i","status":"publish","type":"product","link":"https:\/\/ftgkallefall.com\/lt\/produktas\/3-tasku-tvirtinimas-kat-i\/","title":{"rendered":"3 ta\u0161k\u0173 tvirtinimas kat. I"},"content":{"rendered":"<p>Trij\u0173 ta\u0161k\u0173 tvirtinimo \u012ftaisas paprastai naudojamas mi\u0161k\u0173 \u016bkio h<span style=\"font-weight: 400\">idromanipuliatoriams<\/span> prikabinti prie \u017eem\u0117s \u016bkio traktori\u0173 naudojant trij\u0173 ta\u0161k\u0173 tvirtinimo sistem\u0105. \u0160is sprendimas labai patogus traktoriaus naudotojui, kuriam reikia lanks\u010diai ir greitai keisti \u012fvairius traktoriaus priedus.<\/p>\n<p>Jis atitinka ISO+370-1:1994 standart\u0105 ir turi teleskopines hidraulines kojas, u\u017etikrinan\u010dias patikim\u0105 stabilizavim\u0105. Atitinka I-II prikabinimo \u012frangos dyd\u017eio kategorij\u0105.<\/p>\n<ul>\n<li>Siekiant u\u017etikrinti visi\u0161k\u0105 pusiausvyr\u0105 ir stabilum\u0105, sumontuotos teleskopin\u0117s atramin\u0117s kojos (atramos).<\/li>\n<li>Jei traktoriaus alyvos srauto nepakanka pageidaujamam krano veikimo grei\u010diui esant tu\u0161\u010diajai eigai, galima papildomai integruoti nepriklausom\u0105 hidraulin\u0119 sistem\u0105<\/li>\n<li>Gerai apsaugotos \u017earnos, kad ilgai veikt\u0173 be pa\u017eeidim\u0173<\/li>\n<\/ul>\n","protected":false},"excerpt":{"rendered":"<p>Trij\u0173 ta\u0161k\u0173 tvirtinimo \u012ftaisas paprastai naudojamas mi\u0161k\u0173 \u016bkio hidromanipuliatoriams prikabinti prie \u017eem\u0117s \u016bkio traktori\u0173 naudojant trij\u0173 ta\u0161k\u0173 tvirtinimo sistem\u0105. \u0160is sprendimas labai patogus traktoriaus naudotojui, kuriam reikia lanks\u010diai ir greitai keisti \u012fvairius traktoriaus priedus. Jis atitinka ISO+370-1:1994 standart\u0105 ir turi teleskopines hidraulines kojas, u\u017etikrinan\u010dias patikim\u0105 stabilizavim\u0105. Atitinka I-II prikabinimo \u012frangos dyd\u017eio kategorij\u0105. Siekiant u\u017etikrinti visi\u0161k\u0105 [&hellip;]<\/p>\n","protected":false},"featured_media":3952,"comment_status":"open","ping_status":"closed","template":"","meta":{"_acf_changed":false,"inline_featured_image":false},"product_cat":[184,192],"product_tag":[],"acf":[],"_links":{"self":[{"href":"https:\/\/ftgkallefall.com\/lt\/wp-json\/wp\/v2\/product\/3951"}],"collection":[{"href":"https:\/\/ftgkallefall.com\/lt\/wp-json\/wp\/v2\/product"}],"about":[{"href":"https:\/\/ftgkallefall.com\/lt\/wp-json\/wp\/v2\/types\/product"}],"replies":[{"embeddable":true,"href":"https:\/\/ftgkallefall.com\/lt\/wp-json\/wp\/v2\/comments?post=3951"}],"wp:featuredmedia":[{"embeddable":true,"href":"https:\/\/ftgkallefall.com\/lt\/wp-json\/wp\/v2\/media\/3952"}],"wp:attachment":[{"href":"https:\/\/ftgkallefall.com\/lt\/wp-json\/wp\/v2\/media?parent=3951"}],"wp:term":[{"taxonomy":"product_cat","embeddable":true,"href":"https:\/\/ftgkallefall.com\/lt\/wp-json\/wp\/v2\/product_cat?post=3951"},{"taxonomy":"product_tag","embeddable":true,"href":"https:\/\/ftgkallefall.com\/lt\/wp-json\/wp\/v2\/product_tag?post=3951"}],"curies":[{"name":"wp","href":"https:\/\/api.w.org\/{rel}","templated":true}]}}