{"id":3961,"date":"2024-01-08T07:47:28","date_gmt":"2024-01-08T05:47:28","guid":{"rendered":"https:\/\/ftgkallefall.com\/?post_type=product&#038;p=3961"},"modified":"2025-02-17T10:36:46","modified_gmt":"2025-02-17T08:36:46","slug":"strypas","status":"publish","type":"product","link":"https:\/\/ftgkallefall.com\/lt\/produktas\/strypas\/","title":{"rendered":"Statramstis"},"content":{"rendered":"<p>Skirtingiems modeliams skirti statrams\u010diai. \u012e komplekt\u0105 \u012feina 1 statramstis<\/p>\n","protected":false},"excerpt":{"rendered":"<p>Skirtingiems modeliams skirti statrams\u010diai. \u012e komplekt\u0105 \u012feina 1 statramstis<\/p>\n","protected":false},"featured_media":3962,"comment_status":"open","ping_status":"closed","template":"","meta":{"_acf_changed":false,"inline_featured_image":false},"product_cat":[184,190],"product_tag":[],"acf":[],"_links":{"self":[{"href":"https:\/\/ftgkallefall.com\/lt\/wp-json\/wp\/v2\/product\/3961"}],"collection":[{"href":"https:\/\/ftgkallefall.com\/lt\/wp-json\/wp\/v2\/product"}],"about":[{"href":"https:\/\/ftgkallefall.com\/lt\/wp-json\/wp\/v2\/types\/product"}],"replies":[{"embeddable":true,"href":"https:\/\/ftgkallefall.com\/lt\/wp-json\/wp\/v2\/comments?post=3961"}],"wp:featuredmedia":[{"embeddable":true,"href":"https:\/\/ftgkallefall.com\/lt\/wp-json\/wp\/v2\/media\/3962"}],"wp:attachment":[{"href":"https:\/\/ftgkallefall.com\/lt\/wp-json\/wp\/v2\/media?parent=3961"}],"wp:term":[{"taxonomy":"product_cat","embeddable":true,"href":"https:\/\/ftgkallefall.com\/lt\/wp-json\/wp\/v2\/product_cat?post=3961"},{"taxonomy":"product_tag","embeddable":true,"href":"https:\/\/ftgkallefall.com\/lt\/wp-json\/wp\/v2\/product_tag?post=3961"}],"curies":[{"name":"wp","href":"https:\/\/api.w.org\/{rel}","templated":true}]}}