{"id":3968,"date":"2024-06-26T15:23:15","date_gmt":"2024-06-26T13:23:15","guid":{"rendered":"https:\/\/ftgkallefall.com\/?post_type=product&#038;p=3968"},"modified":"2025-11-10T11:52:00","modified_gmt":"2025-11-10T09:52:00","slug":"nepriklausoma-hidrauline-sistema-fb40d","status":"publish","type":"product","link":"https:\/\/ftgkallefall.com\/lt\/produktas\/nepriklausoma-hidrauline-sistema-fb40d\/","title":{"rendered":"Nepriklausoma hidraulin\u0117 sistema FB50D"},"content":{"rendered":"<p><strong>Nepriklausoma hidraulin\u0117 sistema.<\/strong> Siurblys montuojamas tiesiai ant traktoriaus kardaninio veleno arba ant gr\u0105\u017eulo su siurblio laikikliu, alyvos bako talpa 25 l (vyr.)\/30 l (mot.), siurblys 51 cm3 (maks. 28 l\/min @ 540 aps.\/min), gr\u012f\u017etamasis filtras, \u012fsiurbimo \u017earnos (aliuminin\u0117s). Pavaros siurblys su greit\u0105ja jungtimi kardaniniam velenui prijungti (mot.) arba su kardaniniu velenu (vyr.).<\/p>\n","protected":false},"excerpt":{"rendered":"<p>Nepriklausoma hidraulin\u0117 sistema. Siurblys montuojamas tiesiai ant traktoriaus kardaninio veleno arba ant gr\u0105\u017eulo su siurblio laikikliu, alyvos bako talpa 25 l (vyr.)\/30 l (mot.), siurblys 51 cm3 (maks. 28 l\/min @ 540 aps.\/min), gr\u012f\u017etamasis filtras, \u012fsiurbimo \u017earnos (aliuminin\u0117s). Pavaros siurblys su greit\u0105ja jungtimi kardaniniam velenui prijungti (mot.) arba su kardaniniu velenu (vyr.).<\/p>\n","protected":false},"featured_media":3969,"comment_status":"open","ping_status":"closed","template":"","meta":{"_acf_changed":false,"inline_featured_image":false},"product_cat":[184,189],"product_tag":[],"acf":[],"_links":{"self":[{"href":"https:\/\/ftgkallefall.com\/lt\/wp-json\/wp\/v2\/product\/3968"}],"collection":[{"href":"https:\/\/ftgkallefall.com\/lt\/wp-json\/wp\/v2\/product"}],"about":[{"href":"https:\/\/ftgkallefall.com\/lt\/wp-json\/wp\/v2\/types\/product"}],"replies":[{"embeddable":true,"href":"https:\/\/ftgkallefall.com\/lt\/wp-json\/wp\/v2\/comments?post=3968"}],"wp:featuredmedia":[{"embeddable":true,"href":"https:\/\/ftgkallefall.com\/lt\/wp-json\/wp\/v2\/media\/3969"}],"wp:attachment":[{"href":"https:\/\/ftgkallefall.com\/lt\/wp-json\/wp\/v2\/media?parent=3968"}],"wp:term":[{"taxonomy":"product_cat","embeddable":true,"href":"https:\/\/ftgkallefall.com\/lt\/wp-json\/wp\/v2\/product_cat?post=3968"},{"taxonomy":"product_tag","embeddable":true,"href":"https:\/\/ftgkallefall.com\/lt\/wp-json\/wp\/v2\/product_tag?post=3968"}],"curies":[{"name":"wp","href":"https:\/\/api.w.org\/{rel}","templated":true}]}}