{"id":3972,"date":"2023-12-29T13:32:46","date_gmt":"2023-12-29T11:32:46","guid":{"rendered":"https:\/\/ftgkallefall.com\/?post_type=product&#038;p=3972"},"modified":"2025-03-10T14:04:09","modified_gmt":"2025-03-10T12:04:09","slug":"nepriklausoma-hidrauline-sistema-fb90d","status":"publish","type":"product","link":"https:\/\/ftgkallefall.com\/lt\/produktas\/nepriklausoma-hidrauline-sistema-fb90d\/","title":{"rendered":"Nepriklausoma hidraulin\u0117 sistema FB90D"},"content":{"rendered":"<p>Nepriklausoma hidraulin\u0117 sistema naudojama tada, kai traktoriaus alyvos srauto nepakanka pageidaujamam krano veikimo grei\u010diui esant tu\u0161\u010diajai eigai.<\/p>\n<ul>\n<li>Alyvos bakas suprojektuotas taip, kad puikiai tikt\u0173 prie mi\u0161ko priekabos FB90D<\/li>\n<li>Siurblys gali b\u016bti montuojamas ant gr\u0105\u017eulo arba tiesiogiai ant traktoriaus kardaninio veleno<\/li>\n<li>Sistemos na\u0161umas u\u017etikrina, kad kranas veikt\u0173 suprojektuotu na\u0161umu<\/li>\n<\/ul>\n","protected":false},"excerpt":{"rendered":"<p>Su vyr. arba mot. jungtimi<\/p>\n","protected":false},"featured_media":3974,"comment_status":"open","ping_status":"closed","template":"","meta":{"_acf_changed":false,"inline_featured_image":false},"product_cat":[184,189],"product_tag":[],"acf":[],"_links":{"self":[{"href":"https:\/\/ftgkallefall.com\/lt\/wp-json\/wp\/v2\/product\/3972"}],"collection":[{"href":"https:\/\/ftgkallefall.com\/lt\/wp-json\/wp\/v2\/product"}],"about":[{"href":"https:\/\/ftgkallefall.com\/lt\/wp-json\/wp\/v2\/types\/product"}],"replies":[{"embeddable":true,"href":"https:\/\/ftgkallefall.com\/lt\/wp-json\/wp\/v2\/comments?post=3972"}],"wp:featuredmedia":[{"embeddable":true,"href":"https:\/\/ftgkallefall.com\/lt\/wp-json\/wp\/v2\/media\/3974"}],"wp:attachment":[{"href":"https:\/\/ftgkallefall.com\/lt\/wp-json\/wp\/v2\/media?parent=3972"}],"wp:term":[{"taxonomy":"product_cat","embeddable":true,"href":"https:\/\/ftgkallefall.com\/lt\/wp-json\/wp\/v2\/product_cat?post=3972"},{"taxonomy":"product_tag","embeddable":true,"href":"https:\/\/ftgkallefall.com\/lt\/wp-json\/wp\/v2\/product_tag?post=3972"}],"curies":[{"name":"wp","href":"https:\/\/api.w.org\/{rel}","templated":true}]}}