{"id":3980,"date":"2024-01-02T15:01:41","date_gmt":"2024-01-02T13:01:41","guid":{"rendered":"https:\/\/ftgkallefall.com\/?post_type=product&#038;p=3980"},"modified":"2025-03-10T14:08:42","modified_gmt":"2025-03-10T12:08:42","slug":"nepriklausoma-hidrauline-sistema-3-tasku-remo-kat-ii","status":"publish","type":"product","link":"https:\/\/ftgkallefall.com\/lt\/produktas\/nepriklausoma-hidrauline-sistema-3-tasku-remo-kat-ii\/","title":{"rendered":"Nepriklausoma hidraulin\u0117 sistema 3 ta\u0161k\u0173 r\u0117mo kat. II"},"content":{"rendered":"<p>Traktoriuje sumontuota hidraulin\u0117 sistema naudojama tada, kai traktoriaus alyvos srauto nepakanka pageidaujamam krano veikimo grei\u010diui esant tu\u0161\u010diajai eigai.<\/p>\n<ul>\n<li>Alyvos bakas sukonstruotas taip, kad puikiai atitikt\u0173 3 ta\u0161k\u0173 tvirtinimo \u012ftais\u0105 II kat.<\/li>\n<li>Siurbl\u012f galima montuoti ant gr\u0105\u017eulo arba tiesiogiai ant traktoriaus kardaninio veleno<\/li>\n<li>Sistemos na\u0161umas u\u017etikrina, kad kranas veikt\u0173 suprojektuotu na\u0161umu<\/li>\n<\/ul>\n<p>Komplekt\u0105 sudaro hidraulinis siurblys, adapterio plok\u0161t\u0117 (kardaniniam velenui prijungti) arba montavimo flan\u0161as (varan\u010diajam velenui prijungti), alyvos bakas su gr\u012f\u017etamosios linijos filtru ir manometru, alyvos lygio ir temperat\u016bros matuokliu, taip pat hidraulin\u0117s \u017earnos.<\/p>\n","protected":false},"excerpt":{"rendered":"<p>Traktoriuje sumontuota hidraulin\u0117 sistema naudojama tada, kai traktoriaus alyvos srauto nepakanka pageidaujamam krano veikimo grei\u010diui esant tu\u0161\u010diajai eigai. Alyvos bakas sukonstruotas taip, kad puikiai atitikt\u0173 3 ta\u0161k\u0173 tvirtinimo \u012ftais\u0105 II kat. Siurbl\u012f galima montuoti ant gr\u0105\u017eulo arba tiesiogiai ant traktoriaus kardaninio veleno Sistemos na\u0161umas u\u017etikrina, kad kranas veikt\u0173 suprojektuotu na\u0161umu Komplekt\u0105 sudaro hidraulinis siurblys, adapterio [&hellip;]<\/p>\n","protected":false},"featured_media":3983,"comment_status":"open","ping_status":"closed","template":"","meta":{"_acf_changed":false,"inline_featured_image":false},"product_cat":[184,189],"product_tag":[],"acf":[],"_links":{"self":[{"href":"https:\/\/ftgkallefall.com\/lt\/wp-json\/wp\/v2\/product\/3980"}],"collection":[{"href":"https:\/\/ftgkallefall.com\/lt\/wp-json\/wp\/v2\/product"}],"about":[{"href":"https:\/\/ftgkallefall.com\/lt\/wp-json\/wp\/v2\/types\/product"}],"replies":[{"embeddable":true,"href":"https:\/\/ftgkallefall.com\/lt\/wp-json\/wp\/v2\/comments?post=3980"}],"wp:featuredmedia":[{"embeddable":true,"href":"https:\/\/ftgkallefall.com\/lt\/wp-json\/wp\/v2\/media\/3983"}],"wp:attachment":[{"href":"https:\/\/ftgkallefall.com\/lt\/wp-json\/wp\/v2\/media?parent=3980"}],"wp:term":[{"taxonomy":"product_cat","embeddable":true,"href":"https:\/\/ftgkallefall.com\/lt\/wp-json\/wp\/v2\/product_cat?post=3980"},{"taxonomy":"product_tag","embeddable":true,"href":"https:\/\/ftgkallefall.com\/lt\/wp-json\/wp\/v2\/product_tag?post=3980"}],"curies":[{"name":"wp","href":"https:\/\/api.w.org\/{rel}","templated":true}]}}