{"id":3987,"date":"2024-01-04T08:13:23","date_gmt":"2024-01-04T06:13:23","guid":{"rendered":"https:\/\/ftgkallefall.com\/?post_type=product&#038;p=3987"},"modified":"2025-02-10T10:58:18","modified_gmt":"2025-02-10T08:58:18","slug":"nepriklausoma-hidrauline-sistema-fb50-fb60","status":"publish","type":"product","link":"https:\/\/ftgkallefall.com\/lt\/produktas\/nepriklausoma-hidrauline-sistema-fb50-fb60\/","title":{"rendered":"Nepriklausoma hidraulin\u0117 sistema FB50\/FB60"},"content":{"rendered":"<p>Nepriklausoma hidraulin\u0117 sistema naudojama tada, kai traktoriaus alyvos srauto nepakanka pageidaujamam krano veikimo grei\u010diui esant tu\u0161\u010diajai eigai.<\/p>\n","protected":false},"excerpt":{"rendered":"<p>Mi\u0161ko priekab\u0173 FB50\/FB60 i\u0161orin\u0117s ir vidin\u0117s jungtys<\/p>\n","protected":false},"featured_media":3988,"comment_status":"open","ping_status":"closed","template":"","meta":{"_acf_changed":false,"inline_featured_image":false},"product_cat":[184,189],"product_tag":[],"acf":[],"_links":{"self":[{"href":"https:\/\/ftgkallefall.com\/lt\/wp-json\/wp\/v2\/product\/3987"}],"collection":[{"href":"https:\/\/ftgkallefall.com\/lt\/wp-json\/wp\/v2\/product"}],"about":[{"href":"https:\/\/ftgkallefall.com\/lt\/wp-json\/wp\/v2\/types\/product"}],"replies":[{"embeddable":true,"href":"https:\/\/ftgkallefall.com\/lt\/wp-json\/wp\/v2\/comments?post=3987"}],"wp:featuredmedia":[{"embeddable":true,"href":"https:\/\/ftgkallefall.com\/lt\/wp-json\/wp\/v2\/media\/3988"}],"wp:attachment":[{"href":"https:\/\/ftgkallefall.com\/lt\/wp-json\/wp\/v2\/media?parent=3987"}],"wp:term":[{"taxonomy":"product_cat","embeddable":true,"href":"https:\/\/ftgkallefall.com\/lt\/wp-json\/wp\/v2\/product_cat?post=3987"},{"taxonomy":"product_tag","embeddable":true,"href":"https:\/\/ftgkallefall.com\/lt\/wp-json\/wp\/v2\/product_tag?post=3987"}],"curies":[{"name":"wp","href":"https:\/\/api.w.org\/{rel}","templated":true}]}}