{"id":3991,"date":"2024-01-02T14:36:28","date_gmt":"2024-01-02T12:36:28","guid":{"rendered":"https:\/\/ftgkallefall.com\/?post_type=product&#038;p=3991"},"modified":"2025-03-10T14:13:31","modified_gmt":"2025-03-10T12:13:31","slug":"nepriklausoma-hidrauline-sistema-fb70-fb90-fb100","status":"publish","type":"product","link":"https:\/\/ftgkallefall.com\/lt\/produktas\/nepriklausoma-hidrauline-sistema-fb70-fb90-fb100\/","title":{"rendered":"Nepriklausoma hidraulin\u0117 sistema FB70\/FB90\/FB100"},"content":{"rendered":"<p>Nepriklausoma hidraulin\u0117 sistema naudojama tada, kai traktoriaus alyvos srauto nepakanka pageidaujamam krano veikimo grei\u010diui esant tu\u0161\u010diajai eigai.<\/p>\n<ul>\n<li>Alyvos bakas suprojektuotas taip, kad puikiai tikt\u0173 mi\u0161ko priekaboms FB70; FB90; FB100<\/li>\n<li>Siurblys gali b\u016bti montuojamas ant gr\u0105\u017eulo arba tiesiogiai ant traktoriaus kardaninio veleno<\/li>\n<li>Sistemos na\u0161umas u\u017etikrina, kad kranas veikt\u0173 suprojektuotu na\u0161umu<\/li>\n<\/ul>\n","protected":false},"excerpt":{"rendered":"<p>Nepriklausoma hidraulin\u0117 sistema naudojama tada, kai traktoriaus alyvos srauto nepakanka pageidaujamam krano veikimo grei\u010diui esant tu\u0161\u010diajai eigai. Alyvos bakas suprojektuotas taip, kad puikiai tikt\u0173 mi\u0161ko priekaboms FB70; FB90; FB100 Siurblys gali b\u016bti montuojamas ant gr\u0105\u017eulo arba tiesiogiai ant traktoriaus kardaninio veleno Sistemos na\u0161umas u\u017etikrina, kad kranas veikt\u0173 suprojektuotu na\u0161umu<\/p>\n","protected":false},"featured_media":3994,"comment_status":"open","ping_status":"closed","template":"","meta":{"_acf_changed":false,"inline_featured_image":false},"product_cat":[184,189],"product_tag":[],"acf":[],"_links":{"self":[{"href":"https:\/\/ftgkallefall.com\/lt\/wp-json\/wp\/v2\/product\/3991"}],"collection":[{"href":"https:\/\/ftgkallefall.com\/lt\/wp-json\/wp\/v2\/product"}],"about":[{"href":"https:\/\/ftgkallefall.com\/lt\/wp-json\/wp\/v2\/types\/product"}],"replies":[{"embeddable":true,"href":"https:\/\/ftgkallefall.com\/lt\/wp-json\/wp\/v2\/comments?post=3991"}],"wp:featuredmedia":[{"embeddable":true,"href":"https:\/\/ftgkallefall.com\/lt\/wp-json\/wp\/v2\/media\/3994"}],"wp:attachment":[{"href":"https:\/\/ftgkallefall.com\/lt\/wp-json\/wp\/v2\/media?parent=3991"}],"wp:term":[{"taxonomy":"product_cat","embeddable":true,"href":"https:\/\/ftgkallefall.com\/lt\/wp-json\/wp\/v2\/product_cat?post=3991"},{"taxonomy":"product_tag","embeddable":true,"href":"https:\/\/ftgkallefall.com\/lt\/wp-json\/wp\/v2\/product_tag?post=3991"}],"curies":[{"name":"wp","href":"https:\/\/api.w.org\/{rel}","templated":true}]}}