{"id":3997,"date":"2024-01-02T10:23:50","date_gmt":"2024-01-02T08:23:50","guid":{"rendered":"https:\/\/ftgkallefall.com\/?post_type=product&#038;p=3997"},"modified":"2025-03-10T14:47:25","modified_gmt":"2025-03-10T12:47:25","slug":"pavaros-variklis-38-6-4x80","status":"publish","type":"product","link":"https:\/\/ftgkallefall.com\/lt\/produktas\/pavaros-variklis-38-6-4x80\/","title":{"rendered":"Reduktorius \u201e38-6-4&#215;80\u201c"},"content":{"rendered":"<p>Reduktorius &#8222;38-6-4&#215;80&#8221; su 4 pasukamaisiais cilindrais:<\/p>\n<ul>\n<li>Stiprus lieto ketaus korpusas<\/li>\n<li>\u017dalvarin\u0117 \u012fvor\u0117 vir\u0161uje<\/li>\n<li>Sferinis guolis apa\u010dioje &#8211; patikima krumpliaratinio veleno atrama<\/li>\n<\/ul>\n<p>Jis u\u017etikrina didel\u012f sukimo moment\u0105, ilgaam\u017ei\u0161kum\u0105 ir ilgalaik\u012f veikim\u0105 be gedim\u0173.<\/p>\n","protected":false},"excerpt":{"rendered":"<p>Reduktorius &#8222;38-6-4&#215;80&#8221; su 4 pasukamaisiais cilindrais: Stiprus lieto ketaus korpusas \u017dalvarin\u0117 \u012fvor\u0117 vir\u0161uje Sferinis guolis apa\u010dioje &#8211; patikima krumpliaratinio veleno atrama Jis u\u017etikrina didel\u012f sukimo moment\u0105, ilgaam\u017ei\u0161kum\u0105 ir ilgalaik\u012f veikim\u0105 be gedim\u0173.<\/p>\n","protected":false},"featured_media":3999,"comment_status":"closed","ping_status":"closed","template":"","meta":{"_acf_changed":false,"inline_featured_image":false},"product_cat":[184,191],"product_tag":[],"acf":[],"_links":{"self":[{"href":"https:\/\/ftgkallefall.com\/lt\/wp-json\/wp\/v2\/product\/3997"}],"collection":[{"href":"https:\/\/ftgkallefall.com\/lt\/wp-json\/wp\/v2\/product"}],"about":[{"href":"https:\/\/ftgkallefall.com\/lt\/wp-json\/wp\/v2\/types\/product"}],"replies":[{"embeddable":true,"href":"https:\/\/ftgkallefall.com\/lt\/wp-json\/wp\/v2\/comments?post=3997"}],"wp:featuredmedia":[{"embeddable":true,"href":"https:\/\/ftgkallefall.com\/lt\/wp-json\/wp\/v2\/media\/3999"}],"wp:attachment":[{"href":"https:\/\/ftgkallefall.com\/lt\/wp-json\/wp\/v2\/media?parent=3997"}],"wp:term":[{"taxonomy":"product_cat","embeddable":true,"href":"https:\/\/ftgkallefall.com\/lt\/wp-json\/wp\/v2\/product_cat?post=3997"},{"taxonomy":"product_tag","embeddable":true,"href":"https:\/\/ftgkallefall.com\/lt\/wp-json\/wp\/v2\/product_tag?post=3997"}],"curies":[{"name":"wp","href":"https:\/\/api.w.org\/{rel}","templated":true}]}}