{"id":4000,"date":"2024-01-02T10:10:46","date_gmt":"2024-01-02T08:10:46","guid":{"rendered":"https:\/\/ftgkallefall.com\/?post_type=product&#038;p=4000"},"modified":"2026-04-01T10:59:40","modified_gmt":"2026-04-01T08:59:40","slug":"3-tasku-tvirtinimas-kat-iii","status":"publish","type":"product","link":"https:\/\/ftgkallefall.com\/lt\/produktas\/3-tasku-tvirtinimas-kat-iii\/","title":{"rendered":"3 ta\u0161k\u0173 tvirtinimas kat. III"},"content":{"rendered":"<p>Trij\u0173 ta\u0161k\u0173 tvirtinimo \u012ftaisas paprastai naudojamas mi\u0161k\u0173 \u016bkio kranams prikabinti prie \u017eem\u0117s \u016bkio traktori\u0173 naudojant trij\u0173 ta\u0161k\u0173 tvirtinimo sistem\u0105. \u0160is sprendimas labai patogus traktoriaus naudotojui, kuriam reikia lanks\u010diai ir greitai keisti \u012fvairius traktoriaus priedus. Jis atitinka ISO+370-1:1994 standart\u0105 ir turi sulankstomas (atlenkiamas) atramines kojas, u\u017etikrinan\u010dias patikim\u0105 stabilizavim\u0105. Atitinka III tvirtinimo \u012frangos dyd\u017eio kategorij\u0105.<\/p>\n<ul>\n<li>Kad b\u016bt\u0173 u\u017etikrinta visi\u0161ka pusiausvyra ir stabilumas, sumontuotos sulankstomos atramin\u0117s kojos (atramos).<\/li>\n<li>Jei traktoriaus alyvos srauto nepakanka pageidaujamam krano veikimo grei\u010diui esant tu\u0161\u010diajai eigai, galima papildomai integruoti nepriklausom\u0105 hidraulin\u0119 sistem\u0105.<\/li>\n<li>Gerai apsaugotos \u017earnos, kad ilgai veikt\u0173 be pa\u017eeidim\u0173<\/li>\n<li>Maks. leistinas montuojamo krano k\u0117limo moemntas (gross) 81 kNm<\/li>\n<\/ul>\n","protected":false},"excerpt":{"rendered":"<p>Trij\u0173 ta\u0161k\u0173 tvirtinimo \u012ftaisas paprastai naudojamas mi\u0161k\u0173 \u016bkio kranams prikabinti prie \u017eem\u0117s \u016bkio traktori\u0173 naudojant trij\u0173 ta\u0161k\u0173 tvirtinimo sistem\u0105. \u0160is sprendimas labai patogus traktoriaus naudotojui, kuriam reikia lanks\u010diai ir greitai keisti \u012fvairius traktoriaus priedus. Jis atitinka ISO+370-1:1994 standart\u0105 ir turi sulankstomas (atlenkiamas) atramines kojas, u\u017etikrinan\u010dias patikim\u0105 stabilizavim\u0105. Atitinka III tvirtinimo \u012frangos dyd\u017eio kategorij\u0105. Kad b\u016bt\u0173 [&hellip;]<\/p>\n","protected":false},"featured_media":4002,"comment_status":"open","ping_status":"closed","template":"","meta":{"_acf_changed":false,"inline_featured_image":false},"product_cat":[184,192],"product_tag":[],"acf":[],"_links":{"self":[{"href":"https:\/\/ftgkallefall.com\/lt\/wp-json\/wp\/v2\/product\/4000"}],"collection":[{"href":"https:\/\/ftgkallefall.com\/lt\/wp-json\/wp\/v2\/product"}],"about":[{"href":"https:\/\/ftgkallefall.com\/lt\/wp-json\/wp\/v2\/types\/product"}],"replies":[{"embeddable":true,"href":"https:\/\/ftgkallefall.com\/lt\/wp-json\/wp\/v2\/comments?post=4000"}],"wp:featuredmedia":[{"embeddable":true,"href":"https:\/\/ftgkallefall.com\/lt\/wp-json\/wp\/v2\/media\/4002"}],"wp:attachment":[{"href":"https:\/\/ftgkallefall.com\/lt\/wp-json\/wp\/v2\/media?parent=4000"}],"wp:term":[{"taxonomy":"product_cat","embeddable":true,"href":"https:\/\/ftgkallefall.com\/lt\/wp-json\/wp\/v2\/product_cat?post=4000"},{"taxonomy":"product_tag","embeddable":true,"href":"https:\/\/ftgkallefall.com\/lt\/wp-json\/wp\/v2\/product_tag?post=4000"}],"curies":[{"name":"wp","href":"https:\/\/api.w.org\/{rel}","templated":true}]}}