{"id":4003,"date":"2023-12-28T14:11:56","date_gmt":"2023-12-28T12:11:56","guid":{"rendered":"https:\/\/ftgkallefall.com\/?post_type=product&#038;p=4003"},"modified":"2025-03-10T13:45:04","modified_gmt":"2025-03-10T11:45:04","slug":"6-rotatoriaus-jungtis-su-dvigubu-stabdziu","status":"publish","type":"product","link":"https:\/\/ftgkallefall.com\/lt\/produktas\/6-rotatoriaus-jungtis-su-dvigubu-stabdziu\/","title":{"rendered":"6 Rotatoriaus jungtis su dvigubu stabd\u017eiu"},"content":{"rendered":"<p>Rotatoriaus jungtys naudojamos krano str\u0117lei sujungti su rotatoriumi ir griebtuvu. Jungtys su stabd\u017eiais, reikalingos sunkesniems darbams, kai reikia slopinti svyravimus. Rotatoriaus jungtis KA1985 tinka rotatoriams GV6.<\/p>\n","protected":false},"excerpt":{"rendered":"<p>Rotatoriui GV6<\/p>\n","protected":false},"featured_media":4005,"comment_status":"open","ping_status":"closed","template":"","meta":{"_acf_changed":false,"inline_featured_image":false},"product_cat":[184,186],"product_tag":[],"acf":[],"_links":{"self":[{"href":"https:\/\/ftgkallefall.com\/lt\/wp-json\/wp\/v2\/product\/4003"}],"collection":[{"href":"https:\/\/ftgkallefall.com\/lt\/wp-json\/wp\/v2\/product"}],"about":[{"href":"https:\/\/ftgkallefall.com\/lt\/wp-json\/wp\/v2\/types\/product"}],"replies":[{"embeddable":true,"href":"https:\/\/ftgkallefall.com\/lt\/wp-json\/wp\/v2\/comments?post=4003"}],"wp:featuredmedia":[{"embeddable":true,"href":"https:\/\/ftgkallefall.com\/lt\/wp-json\/wp\/v2\/media\/4005"}],"wp:attachment":[{"href":"https:\/\/ftgkallefall.com\/lt\/wp-json\/wp\/v2\/media?parent=4003"}],"wp:term":[{"taxonomy":"product_cat","embeddable":true,"href":"https:\/\/ftgkallefall.com\/lt\/wp-json\/wp\/v2\/product_cat?post=4003"},{"taxonomy":"product_tag","embeddable":true,"href":"https:\/\/ftgkallefall.com\/lt\/wp-json\/wp\/v2\/product_tag?post=4003"}],"curies":[{"name":"wp","href":"https:\/\/api.w.org\/{rel}","templated":true}]}}