{"id":6881,"date":"2025-11-10T14:41:22","date_gmt":"2025-11-10T12:41:22","guid":{"rendered":"https:\/\/ftgkallefall.com\/?post_type=product&#038;p=6881"},"modified":"2026-01-06T09:09:53","modified_gmt":"2026-01-06T07:09:53","slug":"hidromanipuliatorius-fb84dt","status":"publish","type":"product","link":"https:\/\/ftgkallefall.com\/lt\/produktas\/hidromanipuliatorius-fb84dt\/","title":{"rendered":"Hidromanipuliatorius FB84DT"},"content":{"rendered":"<p>FB84DT kranas turi 8,4 metro siek\u012f. Teleskopine str\u0117l\u0117 su viduje \u012fmontuotu cilindru, kuris u\u017etikrina dar didesn\u012f funkcionalum\u0105, o jo k\u0117limo galia yra 69 kNm.<\/p>\n<p>FB84DT kranas standartin\u0117je komplektacijoje turi 4 ton\u0173 rotatori\u0173, FB190WF griebtuv\u0105, hidraulini\u0173 \u017earn\u0173 jungt\u012f prie krano kolonos ir rotatoriaus. Rotatorius su stabd\u017eiu. Kranas turi 4 cilindr\u0173 sukimo mechanizm\u0105, kurio sukimo momentas yra 16 kNm.<\/p>\n<ul>\n<li>Auk\u0161tos kokyb\u0117s reduktorius<\/li>\n<li>Pagrindin\u0117 str\u0117l\u0117 paruo\u0161ta gervei montuoti<\/li>\n<li>3 ta\u0161k\u0173 r\u0117mas, skirtas prikabinimui prie traktoriaus<\/li>\n<\/ul>\n","protected":false},"excerpt":{"rendered":"<p>8,4 m ilgio hidromanipuliatorius<\/p>\n","protected":false},"featured_media":6987,"comment_status":"closed","ping_status":"closed","template":"","meta":{"_acf_changed":false,"inline_featured_image":false},"product_cat":[183],"product_tag":[],"acf":[],"_links":{"self":[{"href":"https:\/\/ftgkallefall.com\/lt\/wp-json\/wp\/v2\/product\/6881"}],"collection":[{"href":"https:\/\/ftgkallefall.com\/lt\/wp-json\/wp\/v2\/product"}],"about":[{"href":"https:\/\/ftgkallefall.com\/lt\/wp-json\/wp\/v2\/types\/product"}],"replies":[{"embeddable":true,"href":"https:\/\/ftgkallefall.com\/lt\/wp-json\/wp\/v2\/comments?post=6881"}],"wp:featuredmedia":[{"embeddable":true,"href":"https:\/\/ftgkallefall.com\/lt\/wp-json\/wp\/v2\/media\/6987"}],"wp:attachment":[{"href":"https:\/\/ftgkallefall.com\/lt\/wp-json\/wp\/v2\/media?parent=6881"}],"wp:term":[{"taxonomy":"product_cat","embeddable":true,"href":"https:\/\/ftgkallefall.com\/lt\/wp-json\/wp\/v2\/product_cat?post=6881"},{"taxonomy":"product_tag","embeddable":true,"href":"https:\/\/ftgkallefall.com\/lt\/wp-json\/wp\/v2\/product_tag?post=6881"}],"curies":[{"name":"wp","href":"https:\/\/api.w.org\/{rel}","templated":true}]}}