{"id":7343,"date":"2025-12-09T12:07:09","date_gmt":"2025-12-09T10:07:09","guid":{"rendered":"https:\/\/ftgkallefall.com\/?post_type=product&#038;p=7343"},"modified":"2025-12-10T15:41:46","modified_gmt":"2025-12-10T13:41:46","slug":"ftg-kultivatorius-mb4b","status":"publish","type":"product","link":"https:\/\/ftgkallefall.com\/lt\/produktas\/ftg-kultivatorius-mb4b\/","title":{"rendered":"FTG kultivatorius MB4B"},"content":{"rendered":"<p>FTG kultivatorius yra ekonomi\u0161kesn\u0117 ir ekologi\u0161kesn\u0117 alternatyva visam dirvos pavir\u0161iui apdirbti. Jis tinka dirvos apdirbimui, s\u0117jos paruo\u0161imui ir dirvos apdirbimui ma\u017eesniuose plotuose. Blokinis kultivatorius arba kultivatorius sodinimo dirvai paruo\u0161ti turi trita\u0161k\u012f sukabinimo \u012ftais\u0105 ir tur\u0117t\u0173 b\u016bti naudojamas su traktoriais, kuri\u0173 galia ne ma\u017eesn\u0117 kaip 50 AG.<\/p>\n<ul>\n<li>Pritvirtinamas prie traktoriaus trij\u0173 ta\u0161k\u0173 pakabos<\/li>\n<li>Dantys dirba sekcijomis<\/li>\n<li>Sodinimo gylis ir atstumas reguliuojami paprastais elektroniniais valdikliais<\/li>\n<li>Kei\u010diamieji dantys i\u0161 gr\u016bdinto plieno<\/li>\n<li>Darbinis plotis 550 mm<\/li>\n<\/ul>\n","protected":false},"excerpt":{"rendered":"<p>FTG kultivatorius yra ekonomi\u0161kesn\u0117 ir ekologi\u0161kesn\u0117 alternatyva visam dirvos pavir\u0161iui apdirbti. Jis tinka dirvos apdirbimui, s\u0117jos paruo\u0161imui ir dirvos apdirbimui ma\u017eesniuose plotuose. Blokinis kultivatorius arba kultivatorius sodinimo dirvai paruo\u0161ti turi trita\u0161k\u012f sukabinimo \u012ftais\u0105 ir tur\u0117t\u0173 b\u016bti naudojamas su traktoriais, kuri\u0173 galia ne ma\u017eesn\u0117 kaip 50 AG. Pritvirtinamas prie traktoriaus trij\u0173 ta\u0161k\u0173 pakabos Dantys dirba sekcijomis [&hellip;]<\/p>\n","protected":false},"featured_media":7308,"comment_status":"closed","ping_status":"closed","template":"","meta":{"_acf_changed":false,"inline_featured_image":false},"product_cat":[269],"product_tag":[],"acf":[],"_links":{"self":[{"href":"https:\/\/ftgkallefall.com\/lt\/wp-json\/wp\/v2\/product\/7343"}],"collection":[{"href":"https:\/\/ftgkallefall.com\/lt\/wp-json\/wp\/v2\/product"}],"about":[{"href":"https:\/\/ftgkallefall.com\/lt\/wp-json\/wp\/v2\/types\/product"}],"replies":[{"embeddable":true,"href":"https:\/\/ftgkallefall.com\/lt\/wp-json\/wp\/v2\/comments?post=7343"}],"wp:featuredmedia":[{"embeddable":true,"href":"https:\/\/ftgkallefall.com\/lt\/wp-json\/wp\/v2\/media\/7308"}],"wp:attachment":[{"href":"https:\/\/ftgkallefall.com\/lt\/wp-json\/wp\/v2\/media?parent=7343"}],"wp:term":[{"taxonomy":"product_cat","embeddable":true,"href":"https:\/\/ftgkallefall.com\/lt\/wp-json\/wp\/v2\/product_cat?post=7343"},{"taxonomy":"product_tag","embeddable":true,"href":"https:\/\/ftgkallefall.com\/lt\/wp-json\/wp\/v2\/product_tag?post=7343"}],"curies":[{"name":"wp","href":"https:\/\/api.w.org\/{rel}","templated":true}]}}