{"id":7408,"date":"2025-12-09T08:31:09","date_gmt":"2025-12-09T06:31:09","guid":{"rendered":"https:\/\/ftgkallefall.com\/?post_type=product&#038;p=7408"},"modified":"2025-12-10T15:18:06","modified_gmt":"2025-12-10T13:18:06","slug":"griebtuvas-fb090","status":"publish","type":"product","link":"https:\/\/ftgkallefall.com\/lt\/produktas\/griebtuvas-fb090\/","title":{"rendered":"Griebtuvas FB090"},"content":{"rendered":"<p>Griebtuvas FB090 pagamintas i\u0161 auk\u0161tos kokyb\u0117s med\u017eiag\u0173, kad b\u016bt\u0173 ilgaam\u017eis ir patikimas.<\/p>\n<p>Pagrindin\u0117 griebtuvo konstrukcija sudaryta i\u0161 profiliuoto pagrindinio r\u0117mo ir puikios \u017eiaunos geometrijos su pla\u010dia anga. Lengva, bet tvirta konstrukcija buvo vienas svarbiausi\u0173 griebtuvo konstrukcijos aspekt\u0173.<\/p>\n<p>Vienas hidraulinis cilindras valdo griebtuvo \u017eiaunas, kartu u\u017etikrindamas didel\u0119 su\u0117mimo j\u0117g\u0105 ir greit\u0105 ciklo laik\u0105, maksimaliai padidinant pakrovimo na\u0161um\u0105.<\/p>\n<p>Griebtuvas FB090 puikiai tinka prie krano: FB40L.<\/p>\n","protected":false},"excerpt":{"rendered":"<p>Did\u017eiausias i\u0161skleidimas 700 mm, su\u0117mimo plotas 0,09 m<sup>2<\/sup><\/p>\n","protected":false},"featured_media":7186,"comment_status":"closed","ping_status":"closed","template":"","meta":{"_acf_changed":false,"inline_featured_image":false},"product_cat":[184,185],"product_tag":[],"acf":[],"_links":{"self":[{"href":"https:\/\/ftgkallefall.com\/lt\/wp-json\/wp\/v2\/product\/7408"}],"collection":[{"href":"https:\/\/ftgkallefall.com\/lt\/wp-json\/wp\/v2\/product"}],"about":[{"href":"https:\/\/ftgkallefall.com\/lt\/wp-json\/wp\/v2\/types\/product"}],"replies":[{"embeddable":true,"href":"https:\/\/ftgkallefall.com\/lt\/wp-json\/wp\/v2\/comments?post=7408"}],"wp:featuredmedia":[{"embeddable":true,"href":"https:\/\/ftgkallefall.com\/lt\/wp-json\/wp\/v2\/media\/7186"}],"wp:attachment":[{"href":"https:\/\/ftgkallefall.com\/lt\/wp-json\/wp\/v2\/media?parent=7408"}],"wp:term":[{"taxonomy":"product_cat","embeddable":true,"href":"https:\/\/ftgkallefall.com\/lt\/wp-json\/wp\/v2\/product_cat?post=7408"},{"taxonomy":"product_tag","embeddable":true,"href":"https:\/\/ftgkallefall.com\/lt\/wp-json\/wp\/v2\/product_tag?post=7408"}],"curies":[{"name":"wp","href":"https:\/\/api.w.org\/{rel}","templated":true}]}}