{"id":7563,"date":"2025-09-26T08:45:11","date_gmt":"2025-09-26T06:45:11","guid":{"rendered":"https:\/\/ftgkallefall.com\/?post_type=product&#038;p=7563"},"modified":"2025-12-16T08:46:39","modified_gmt":"2025-12-16T06:46:39","slug":"2-cut-kelio-greideris","status":"publish","type":"product","link":"https:\/\/ftgkallefall.com\/lt\/produktas\/2-cut-kelio-greideris\/","title":{"rendered":"2-cut kelio greideris"},"content":{"rendered":"<p>Kelio greideris su 2 peiliais ir reguliojamais trosais. Auk\u0161ti peiliai leid\u017eia traukti didesn\u012f \u017evyro kiek\u012f. Taip pat idealiai tinka tiems, kurie turi ma\u017eesn\u012f ar senesn\u012f traktori\u0173.<\/p>\n","protected":false},"excerpt":{"rendered":"<p>Kelio greideris su 2 peiliais ir reguliojamais trosais. Auk\u0161ti peiliai leid\u017eia traukti didesn\u012f \u017evyro kiek\u012f. Taip pat idealiai tinka tiems, kurie turi ma\u017eesn\u012f ar senesn\u012f traktori\u0173.<\/p>\n","protected":false},"featured_media":6738,"comment_status":"closed","ping_status":"closed","template":"","meta":{"_acf_changed":false,"inline_featured_image":false},"product_cat":[272],"product_tag":[],"acf":[],"_links":{"self":[{"href":"https:\/\/ftgkallefall.com\/lt\/wp-json\/wp\/v2\/product\/7563"}],"collection":[{"href":"https:\/\/ftgkallefall.com\/lt\/wp-json\/wp\/v2\/product"}],"about":[{"href":"https:\/\/ftgkallefall.com\/lt\/wp-json\/wp\/v2\/types\/product"}],"replies":[{"embeddable":true,"href":"https:\/\/ftgkallefall.com\/lt\/wp-json\/wp\/v2\/comments?post=7563"}],"wp:featuredmedia":[{"embeddable":true,"href":"https:\/\/ftgkallefall.com\/lt\/wp-json\/wp\/v2\/media\/6738"}],"wp:attachment":[{"href":"https:\/\/ftgkallefall.com\/lt\/wp-json\/wp\/v2\/media?parent=7563"}],"wp:term":[{"taxonomy":"product_cat","embeddable":true,"href":"https:\/\/ftgkallefall.com\/lt\/wp-json\/wp\/v2\/product_cat?post=7563"},{"taxonomy":"product_tag","embeddable":true,"href":"https:\/\/ftgkallefall.com\/lt\/wp-json\/wp\/v2\/product_tag?post=7563"}],"curies":[{"name":"wp","href":"https:\/\/api.w.org\/{rel}","templated":true}]}}